{"id":102,"date":"2020-10-11T19:18:55","date_gmt":"2020-10-11T17:18:55","guid":{"rendered":"https:\/\/juliakursawe.de\/?page_id=102"},"modified":"2021-11-04T15:38:43","modified_gmt":"2021-11-04T14:38:43","slug":"musiker-vieler-stile","status":"publish","type":"page","link":"https:\/\/juliakursawe.de\/index.php\/works\/baroque-e-motion\/musiker-vieler-stile\/","title":{"rendered":"Musiker vieler Stile"},"content":{"rendered":"\n<h2 class=\"has-text-align-center\">Telemann, der Musiker vieler Stile<\/h2>\n\n\n\n<h5 class=\"has-text-align-center\"><em>Ein Lully wird ger\u00fchmt, Corelli l\u00e4sst sich loben, nur Telemann allein ist \u00fcbers Lob erhoben.  (Mattheson)<\/em><\/h5>\n\n\n\n<div class=\"wp-block-media-text has-background\" style=\"background-color:#ffffff;grid-template-columns:23% auto\"><figure class=\"wp-block-media-text__media\"><img src=\"https:\/\/juliakursawe.de\/wp-content\/uploads\/2020\/10\/TelemannStilefoto.jpg\" alt=\"\" class=\"wp-image-500\"\/><\/figure><div class=\"wp-block-media-text__content\">\n<p>Dieses Programm ist das erste einer Reihe und besch\u00e4ftigt sich mit dem Komponisten\nGeorg Philipp Telemann (1681 Magdeburg &#8211; 1767 Hamburg), der \u00fcber 75 Jahre\nerfolgreich komponierte. Er vereinte mehrere europ\u00e4ische Stile und sogar Epochen in\nseinen Kompositionen, setzte immer wieder neue Impulse und schlug mit seinen Werken\ndes empfindsamen Stiles eine Br\u00fccke vom Barock zur Wiener Klassik.\n<\/p>\n\n\n\n<p>Unser Programm zeigt Werke aus der Sammlung \u201eEssercizii Musici\u201c, sowie aus der Kompositionssammlung \u201eDer getreue Music-Meister\u201c, welche Telemann ab 1728 im Eigenverlag herausgab. <\/p>\n<\/div><\/div>\n\n\n\n<p class=\"has-text-align-center has-background\" style=\"background-color:#f6f3ed\">Quartett aus Nouveaux Quatuors <br>Sonate f\u00fcr Cello und Basso Continuo<br>Sonate f\u00fcr Fl\u00f6te und Basso Continuo <br>Triosonate f\u00fcr Fl\u00f6te, Violine und Basso Continuo <br>Sonate f\u00fcr Violine und Basso Continuo<br>Quartett aus den Pariser Quartetten<\/p>\n\n\n\n<figure class=\"wp-block-embed-vimeo wp-block-embed is-type-video is-provider-vimeo wp-embed-aspect-16-9 wp-has-aspect-ratio\"><div class=\"wp-block-embed__wrapper\">\n<div class=\"nv-iframe-embed\"><iframe loading=\"lazy\" title=\"baroque-e-motion, Telemann, der Musiker vieler Stile, teaser\" src=\"https:\/\/player.vimeo.com\/video\/330951811?h=8153fb5209&amp;dnt=1&amp;app_id=122963\" width=\"1200\" height=\"675\" frameborder=\"0\" allow=\"autoplay; fullscreen; picture-in-picture\" allowfullscreen><\/iframe><\/div>\n<\/div><\/figure>\n\n\n\n<p class=\"has-background\" style=\"background-color:#f6f3ed\">Fl\u00f6ten: <a rel=\"noreferrer noopener\" aria-label=\"Sheng-Fang Chiu (opens in a new tab)\" href=\"http:\/\/www.shengfangchiu.com\" target=\"_blank\">Sheng-Fang Chiu<\/a> unterrichtet Blockfl\u00f6ten an der Musik und Kunst Privatuniversit\u00e4t der Stadt Wien und konzertiert weltweit. <br><br>Barockvioline: Kerstin Linder-Dewan konzertiert als Solistin und Konzertmeisterin mehrerer Ensembles regelm\u00e4\u00dfig in England, Spanien und Deutschland. <br><br>Cembalo: M\u00e1rton Bors\u00e1nyi unterrichtet an den Universit\u00e4ten in Wien und Budapest (CD Ver\u00f6ffentlichung: Pachelbel-Werke f\u00fcr Cembalo und Orgel 2017). <br><br>Musikalische Leitung und Barockcello: <a href=\"https:\/\/juliakursawe.de\/\">Julia Kursawe<\/a> gr\u00fcndete die Reihe ImPuls der Suite f\u00fcr Barockcello und modernen Tanz, ist Mitglied mehrerer Alte Musik Ensembles und gibt Workshops f\u00fcr Musikphysiologie.<\/p>\n\n\n\n<p class=\"has-small-font-size\">Telemann-Bild: Valentin Daniel Preisler [Public domain]<\/p>\n","protected":false},"excerpt":{"rendered":"<p>Telemann, der Musiker vieler Stile Ein Lully wird ger\u00fchmt, Corelli l\u00e4sst sich loben, nur Telemann allein ist \u00fcbers Lob erhoben. (Mattheson) Dieses Programm ist das erste einer Reihe und besch\u00e4ftigt sich mit dem Komponisten Georg Philipp Telemann (1681 Magdeburg &#8211; 1767 Hamburg), der \u00fcber 75 Jahre erfolgreich komponierte. Er vereinte mehrere europ\u00e4ische Stile und sogar&hellip;&nbsp;<a href=\"https:\/\/juliakursawe.de\/index.php\/works\/baroque-e-motion\/musiker-vieler-stile\/\" class=\"\" rel=\"bookmark\">Weiterlesen &raquo;<span class=\"screen-reader-text\">Musiker vieler Stile<\/span><\/a><\/p>\n","protected":false},"author":1,"featured_media":0,"parent":90,"menu_order":0,"comment_status":"closed","ping_status":"closed","template":"","meta":{"neve_meta_sidebar":"","neve_meta_container":"","neve_meta_enable_content_width":"","neve_meta_content_width":0,"neve_meta_title_alignment":"","neve_meta_author_avatar":"","neve_post_elements_order":"","neve_meta_disable_header":"","neve_meta_disable_footer":"","neve_meta_disable_title":""},"_links":{"self":[{"href":"https:\/\/juliakursawe.de\/index.php\/wp-json\/wp\/v2\/pages\/102"}],"collection":[{"href":"https:\/\/juliakursawe.de\/index.php\/wp-json\/wp\/v2\/pages"}],"about":[{"href":"https:\/\/juliakursawe.de\/index.php\/wp-json\/wp\/v2\/types\/page"}],"author":[{"embeddable":true,"href":"https:\/\/juliakursawe.de\/index.php\/wp-json\/wp\/v2\/users\/1"}],"replies":[{"embeddable":true,"href":"https:\/\/juliakursawe.de\/index.php\/wp-json\/wp\/v2\/comments?post=102"}],"version-history":[{"count":10,"href":"https:\/\/juliakursawe.de\/index.php\/wp-json\/wp\/v2\/pages\/102\/revisions"}],"predecessor-version":[{"id":1946,"href":"https:\/\/juliakursawe.de\/index.php\/wp-json\/wp\/v2\/pages\/102\/revisions\/1946"}],"up":[{"embeddable":true,"href":"https:\/\/juliakursawe.de\/index.php\/wp-json\/wp\/v2\/pages\/90"}],"wp:attachment":[{"href":"https:\/\/juliakursawe.de\/index.php\/wp-json\/wp\/v2\/media?parent=102"}],"curies":[{"name":"wp","href":"https:\/\/api.w.org\/{rel}","templated":true}]}}