{"id":105,"date":"2020-10-11T19:25:35","date_gmt":"2020-10-11T17:25:35","guid":{"rendered":"https:\/\/juliakursawe.de\/?page_id=105"},"modified":"2021-11-04T15:40:41","modified_gmt":"2021-11-04T14:40:41","slug":"telemann-tanzt","status":"publish","type":"page","link":"https:\/\/juliakursawe.de\/index.php\/works\/baroque-e-motion\/telemann-tanzt\/","title":{"rendered":"Telemann tanzt"},"content":{"rendered":"\n<h2 class=\"has-text-align-center\">Telemann tanzt<\/h2>\n\n\n\n<p>Dieses Programm besch\u00e4ftigt sich mit dem Komponisten Georg Philipp Telemann und seiner Verbindung zum Tanz. Telemann, der \u00fcber 75 Jahre erfolgreich komponierte, vereinte mehrere europ\u00e4ische Stile und sogar Epochen in seinen Kompositionen, setzte immer wieder neue Impulse. Er schlug mit seinen Werken des empfindsamen Stiles eine Br\u00fccke vom Barock zur Wiener Klassik.<br><\/p>\n\n\n\n<p>Im 15.\/16. Jahrhundert entwickelte sich das Ballet und erfuhr am Hof Ludwig XIV. mit der Acad\u00e9mie Royale de danse eine enorme Weiterentwicklung. In Telemanns Geburtsjahr 1681 durften an der Acad\u00e9mie erstmals auch Frauen \u00f6ffentlich tanzen.<\/p>\n\n\n\n<p>So war Telemann mit Tanz vertraut und schrieb selbst einige Ballet-und Tanzmusiken.<\/p>\n\n\n\n<p>Die spanische T\u00e4nzerin Irene Cortina Gonz\u00e1l\u00e9z greift diese Vielfalt Telemanns auf und verbindet seine Musik mit modernem Tanz. So wird besonders der t\u00e4nzerische Ursprung der Suiten aus den Pariser Quartetten hervorgehoben.<\/p>\n\n\n\n<p class=\"has-background\" style=\"background-color:#f6f3ed\"><div class=\"nv-iframe-embed\"><iframe loading=\"lazy\" title=\"baroque-e-motion Telemann tanzt teaser live\" src=\"https:\/\/player.vimeo.com\/video\/340013475?h=4a590847a2&amp;dnt=1&amp;app_id=122963\" width=\"1200\" height=\"675\" frameborder=\"0\" allow=\"autoplay; fullscreen; picture-in-picture\" allowfullscreen><\/iframe><\/div><\/p>\n\n\n\n<p class=\"has-white-background-color has-background\">Musik: <br><em>G.P. Telemann (1681 Magdeburg &#8211; 1767 Hamburg)&nbsp;<br>Pariser Quartett 6 \/ Deuxi\u00e8me Suite&nbsp;<br>Sonate f\u00fcr Cello und Basso Continuo in D-Dur aus dem getreuen Musikmeister&nbsp;<br>Fantasia Nr. 3 f\u00fcr Fl\u00f6te solo&nbsp;<br>Trio Nr. 5 in a-moll aus Essercizii musici&nbsp;<br>Fantasia Nr. 4 in D-Dur f\u00fcr Violine solo&nbsp;<br>Pariser Pariser Quartett Nr. 12 \/ nouveaux quatour 6<\/em><\/p>\n\n\n\n<div class=\"wp-block-group alignwide\"><div class=\"wp-block-group__inner-container\"><\/div><\/div>\n\n\n\n<p class=\"has-background\" style=\"background-color:#f6f3ed\">K\u00fcnstlerische Leitung und Barockcello: <a href=\"https:\/\/juliakursawe.de\/\">Julia Kursawe<\/a> gr\u00fcndete die Reihe ImPuls der Suite f\u00fcr Barockcello und modernen Tanz, ist Mitglied mehrerer Alte Musik Ensembles und gibt Workshops f\u00fcr Musikphysiologie.<br><br>Tanz: <a href=\"http:\/\/www.irenecortina.wordpress.com\/\">Irene Cortina Gonz\u00e1lez<\/a> leitet die Tanzkompanie Cia. Irene Cortina, mit welcher sie \u00fcberwiegend in Deutschland und Spanien auftritt und sie ist Fachgruppenleiterin Tanz in der Musikschule Spandau, Berlin.\u00a0<br><br>Fl\u00f6ten: <a rel=\"noreferrer noopener\" href=\"http:\/\/www.shengfangchiu.com\/\" target=\"_blank\">Sheng-Fang Chiu<\/a> unterrichtet Blockfl\u00f6ten an der Musik und Kunst Privatuniversit\u00e4t der Stadt Wien und konzertiert weltweit.<br><br>Barockgeige: Kerstin Linder-Dewan konzertiert als Solistin und Konzertmeisterin mehrerer Ensembles regelm\u00e4\u00dfig in England, Spanien und Deutschland. <br><br>Cembalo: M\u00e1rton Bors\u00e1nyi unterrichtet an den Universit\u00e4ten in Wien und Budapest<br>(CD Ver\u00f6ffentlichung: Pachelbel-Werke f\u00fcr Cembalo und Orgel 2017). <br><br>Kost\u00fcm: <a rel=\"noreferrer noopener\" href=\"https:\/\/noelchristin.wordpress.com\/\" target=\"_blank\">Christin Noel<\/a> arbeitet im Bereich Kost\u00fcm, Mode und Illustration.<\/p>\n\n\n\n<p class=\"has-very-dark-gray-color has-text-color has-small-font-size\">Fotos \u00a9 C.Daether<\/p>\n","protected":false},"excerpt":{"rendered":"<p>Telemann tanzt Dieses Programm besch\u00e4ftigt sich mit dem Komponisten Georg Philipp Telemann und seiner Verbindung zum Tanz. Telemann, der \u00fcber 75 Jahre erfolgreich komponierte, vereinte mehrere europ\u00e4ische Stile und sogar Epochen in seinen Kompositionen, setzte immer wieder neue Impulse. Er schlug mit seinen Werken des empfindsamen Stiles eine Br\u00fccke vom Barock zur Wiener Klassik. Im&hellip;&nbsp;<a href=\"https:\/\/juliakursawe.de\/index.php\/works\/baroque-e-motion\/telemann-tanzt\/\" class=\"\" rel=\"bookmark\">Weiterlesen &raquo;<span class=\"screen-reader-text\">Telemann tanzt<\/span><\/a><\/p>\n","protected":false},"author":1,"featured_media":0,"parent":90,"menu_order":0,"comment_status":"closed","ping_status":"closed","template":"","meta":{"neve_meta_sidebar":"","neve_meta_container":"","neve_meta_enable_content_width":"","neve_meta_content_width":0,"neve_meta_title_alignment":"","neve_meta_author_avatar":"","neve_post_elements_order":"","neve_meta_disable_header":"","neve_meta_disable_footer":"","neve_meta_disable_title":""},"_links":{"self":[{"href":"https:\/\/juliakursawe.de\/index.php\/wp-json\/wp\/v2\/pages\/105"}],"collection":[{"href":"https:\/\/juliakursawe.de\/index.php\/wp-json\/wp\/v2\/pages"}],"about":[{"href":"https:\/\/juliakursawe.de\/index.php\/wp-json\/wp\/v2\/types\/page"}],"author":[{"embeddable":true,"href":"https:\/\/juliakursawe.de\/index.php\/wp-json\/wp\/v2\/users\/1"}],"replies":[{"embeddable":true,"href":"https:\/\/juliakursawe.de\/index.php\/wp-json\/wp\/v2\/comments?post=105"}],"version-history":[{"count":14,"href":"https:\/\/juliakursawe.de\/index.php\/wp-json\/wp\/v2\/pages\/105\/revisions"}],"predecessor-version":[{"id":1909,"href":"https:\/\/juliakursawe.de\/index.php\/wp-json\/wp\/v2\/pages\/105\/revisions\/1909"}],"up":[{"embeddable":true,"href":"https:\/\/juliakursawe.de\/index.php\/wp-json\/wp\/v2\/pages\/90"}],"wp:attachment":[{"href":"https:\/\/juliakursawe.de\/index.php\/wp-json\/wp\/v2\/media?parent=105"}],"curies":[{"name":"wp","href":"https:\/\/api.w.org\/{rel}","templated":true}]}}