{"id":116,"date":"2020-10-11T19:35:03","date_gmt":"2020-10-11T17:35:03","guid":{"rendered":"https:\/\/juliakursawe.de\/?page_id=116"},"modified":"2020-10-14T11:56:39","modified_gmt":"2020-10-14T09:56:39","slug":"noel","status":"publish","type":"page","link":"https:\/\/juliakursawe.de\/index.php\/works\/baroque-e-motion\/noel\/","title":{"rendered":"Noel"},"content":{"rendered":"\n<h2 class=\"has-text-align-center\">No\u00ebl Baroque<\/h2>\n\n\n\n<h5 class=\"has-text-align-center\">Musik und Tanz am Hofe<\/h5>\n\n\n\n<p class=\"has-text-align-center has-background\" style=\"background-color:#ffffff\"><strong>Dieses festliche Programm verbindet zwei herausragende K\u00f6nigsh\u00f6fe des Barock miteinander.<\/strong> <\/p>\n\n\n\n<div class=\"wp-block-media-text has-background\" style=\"background-color:#ffffff;grid-template-columns:28% auto\"><figure class=\"wp-block-media-text__media\"><img src=\"https:\/\/juliakursawe.de\/wp-content\/uploads\/2020\/10\/bem-ilmenau2.jpg\" alt=\"\" class=\"wp-image-886\"\/><\/figure><div class=\"wp-block-media-text__content\">\n<p>Zum einen war da der Hof des Sonnenk\u00f6nigs Ludwig XIV. (1638 &#8211; 1715) in Frankreich im Schloss Versailles. Ludwig XIV. gr\u00fcndete mehrere k\u00f6nigliche Akademien und f\u00f6rderte somit die Wissenschaften und K\u00fcnste. Besonders der Tanz nahm eine wichtige Stelle ein. <br>Unter anderen holte der K\u00f6nig Jean-Baptiste Lully (1632 &#8211; 1687), einen italienischen Komponisten, Geiger und T\u00e4nzer an seinen Hof. Mit ihm entwickelte sich der Tanz erstaunlich weiter und es entstanden Choreographien, die zunehmend von professionellen T\u00e4nzern ausgef\u00fchrt wurden. Man k\u00f6nnte es als Geburtsst\u00e4tte des klassischen Ballet bezeichnen. Lully wurde 1653 offiziell zum \u201eCompositeur de la musique instrumentale\u201c an den Hof des Sonnenk\u00f6nigs berufen. Ludwig fand gro\u00dfen Gefallen an Lully. Er tanzte sogar Vorstellungen an seiner Seite. Beide verband eine enge Freundschaft.<\/p>\n<\/div><\/div>\n\n\n\n<p class=\"has-background\" style=\"background-color:#ffffff\">Etwas sp\u00e4ter entstand am preu\u00dfischen Hof mit K\u00f6nig Friedrich II. (1712 &#8211; 1786) eine musikalische Hochkultur der Traversfl\u00f6te. Friedrich veranstaltete herausragende, glamour\u00f6se Konzerte und holte wunderbare Musiker und Komponisten zu sich.<br>Schon 1728, mit 16 Jahren, nahm Friedrich heimlich und gegen den Willen seines Vaters Fl\u00f6tenunterricht bei J.J. Quantz (1697 &#8211; 1773). 1741 dann als preu\u00dfischer K\u00f6nig, verpflichtete er Quantz als Kammermusikus und Hofkomponist an seinem Hof. Gemeinsam mit Quantz nahm Friedrich selbst als Fl\u00f6tist an den Konzerten teil.<\/p>\n\n\n\n<p class=\"has-text-align-center has-background\" style=\"background-color:#ffffff\"><strong>Barocktanz und Traversfl\u00f6te,<br>mit diesen beiden h\u00f6fischen Traditionen gestaltet baroque-e-motion ein festliches Programm.<\/strong><\/p>\n\n\n\n<p class=\"has-background\" style=\"background-color:#f6f3ed\">Traversfl\u00f6te: Regina Gleim <br>Barockcello: Julia Kursawe <br>Cembalo: M\u00e1rton Bors\u00e1nyi <br>Barocktanz: Milo Pablo Momm <\/p>\n\n\n\n<p class=\"has-background\" style=\"background-color:#f6f3ed\">Mit Werken von: Marin Marais, J.S.Bach, C.P.E.Bach, J.J. Quantz, F.Couperin<\/p>\n","protected":false},"excerpt":{"rendered":"<p>No\u00ebl Baroque Musik und Tanz am Hofe Dieses festliche Programm verbindet zwei herausragende K\u00f6nigsh\u00f6fe des Barock miteinander. Zum einen war da der Hof des Sonnenk\u00f6nigs Ludwig XIV. (1638 &#8211; 1715) in Frankreich im Schloss Versailles. Ludwig XIV. gr\u00fcndete mehrere k\u00f6nigliche Akademien und f\u00f6rderte somit die Wissenschaften und K\u00fcnste. Besonders der Tanz nahm eine wichtige Stelle&hellip;&nbsp;<a href=\"https:\/\/juliakursawe.de\/index.php\/works\/baroque-e-motion\/noel\/\" class=\"\" rel=\"bookmark\">Weiterlesen &raquo;<span class=\"screen-reader-text\">Noel<\/span><\/a><\/p>\n","protected":false},"author":1,"featured_media":0,"parent":90,"menu_order":0,"comment_status":"closed","ping_status":"closed","template":"","meta":{"neve_meta_sidebar":"","neve_meta_container":"","neve_meta_enable_content_width":"","neve_meta_content_width":0,"neve_meta_title_alignment":"","neve_meta_author_avatar":"","neve_post_elements_order":"","neve_meta_disable_header":"","neve_meta_disable_footer":"","neve_meta_disable_title":""},"_links":{"self":[{"href":"https:\/\/juliakursawe.de\/index.php\/wp-json\/wp\/v2\/pages\/116"}],"collection":[{"href":"https:\/\/juliakursawe.de\/index.php\/wp-json\/wp\/v2\/pages"}],"about":[{"href":"https:\/\/juliakursawe.de\/index.php\/wp-json\/wp\/v2\/types\/page"}],"author":[{"embeddable":true,"href":"https:\/\/juliakursawe.de\/index.php\/wp-json\/wp\/v2\/users\/1"}],"replies":[{"embeddable":true,"href":"https:\/\/juliakursawe.de\/index.php\/wp-json\/wp\/v2\/comments?post=116"}],"version-history":[{"count":2,"href":"https:\/\/juliakursawe.de\/index.php\/wp-json\/wp\/v2\/pages\/116\/revisions"}],"predecessor-version":[{"id":325,"href":"https:\/\/juliakursawe.de\/index.php\/wp-json\/wp\/v2\/pages\/116\/revisions\/325"}],"up":[{"embeddable":true,"href":"https:\/\/juliakursawe.de\/index.php\/wp-json\/wp\/v2\/pages\/90"}],"wp:attachment":[{"href":"https:\/\/juliakursawe.de\/index.php\/wp-json\/wp\/v2\/media?parent=116"}],"curies":[{"name":"wp","href":"https:\/\/api.w.org\/{rel}","templated":true}]}}