{"id":119,"date":"2020-10-11T19:36:06","date_gmt":"2020-10-11T17:36:06","guid":{"rendered":"https:\/\/juliakursawe.de\/?page_id=119"},"modified":"2026-02-09T11:49:30","modified_gmt":"2026-02-09T10:49:30","slug":"tres-morillas-archiv","status":"publish","type":"page","link":"https:\/\/juliakursawe.de\/index.php\/works\/ensemble-tres-morillas\/tres-morillas-archiv\/","title":{"rendered":"Tres Morillas Archiv"},"content":{"rendered":"\n<h2 class=\"has-text-align-center\">Ensemble Tres Morillas<\/h2>\n\n\n\n<h5 class=\"has-text-align-center\">Archiv<\/h5>\n\n\n\n<p class=\"has-text-align-center\"><strong>2025<\/strong><br>Emmauskirche Berlin-Zehlendorf, S\u00f6ller im Gotischen Rathaus Wei\u00dfenburg<br>Churf\u00fcrstensaal im Kloster zu F\u00fcrstenfeldbruck in der Reihe Alte Musik in F\u00fcrstenfeld<\/p>\n\n\n\n<p class=\"has-text-align-center\"><strong>2024<\/strong><br>Spiegelsaal im Kloster Obermarchtal<\/p>\n\n\n\n<p class=\"has-text-align-center\"><strong>2023<\/strong><br>Sophienkirche Berlin, <meta charset=\"utf-8\">Dorfkirche Blankenfelde Berlin, <meta charset=\"utf-8\">Kammermusiksaal Havelschl\u00f6sschen Potsdam, Kunstgewerbemuseum Berlin <br>(2023 gef\u00f6rdert von der Senatsverwaltung f\u00fcr Kultur und Europa)<br><strong>2021<\/strong><br>Dorfkirche Blankenfelde Berlin, Schwartzsche Villa Berlin, Siechenhauskapelle Neuruppin <br>(2021 gef\u00f6rdert von der Senatsverwaltung f\u00fcr Kultur und Europa) <br><strong>2020 <\/strong><br>Schwartzsche Villa Berlin, Siechenhauskapelle Neuruppin, Dorfkirche Blankenfelde Berlin <br>(2020 gef\u00f6rdert vom Bezirkskulturfonds Berlin Steglitz Zehlendorf) <br><strong>2018<\/strong> <br>Zionskirche Berlin<br><strong>2017<\/strong> <br>Nikolaikirche Berlin&nbsp;<br><strong>2016<\/strong> <br>Ilmenau<\/p>\n","protected":false},"excerpt":{"rendered":"<p>Ensemble Tres Morillas Archiv 2025Emmauskirche Berlin-Zehlendorf, S\u00f6ller im Gotischen Rathaus Wei\u00dfenburgChurf\u00fcrstensaal im Kloster zu F\u00fcrstenfeldbruck in der Reihe Alte Musik in F\u00fcrstenfeld 2024Spiegelsaal im Kloster Obermarchtal 2023Sophienkirche Berlin, Dorfkirche Blankenfelde Berlin, Kammermusiksaal Havelschl\u00f6sschen Potsdam, Kunstgewerbemuseum Berlin (2023 gef\u00f6rdert von der Senatsverwaltung f\u00fcr Kultur und Europa)2021Dorfkirche Blankenfelde Berlin, Schwartzsche Villa Berlin, Siechenhauskapelle Neuruppin (2021 gef\u00f6rdert von&hellip;&nbsp;<a href=\"https:\/\/juliakursawe.de\/index.php\/works\/ensemble-tres-morillas\/tres-morillas-archiv\/\" class=\"\" rel=\"bookmark\">Weiterlesen &raquo;<span class=\"screen-reader-text\">Tres Morillas Archiv<\/span><\/a><\/p>\n","protected":false},"author":1,"featured_media":0,"parent":36,"menu_order":0,"comment_status":"closed","ping_status":"closed","template":"","meta":{"neve_meta_sidebar":"","neve_meta_container":"","neve_meta_enable_content_width":"","neve_meta_content_width":0,"neve_meta_title_alignment":"","neve_meta_author_avatar":"","neve_post_elements_order":"","neve_meta_disable_header":"","neve_meta_disable_footer":"","neve_meta_disable_title":""},"_links":{"self":[{"href":"https:\/\/juliakursawe.de\/index.php\/wp-json\/wp\/v2\/pages\/119"}],"collection":[{"href":"https:\/\/juliakursawe.de\/index.php\/wp-json\/wp\/v2\/pages"}],"about":[{"href":"https:\/\/juliakursawe.de\/index.php\/wp-json\/wp\/v2\/types\/page"}],"author":[{"embeddable":true,"href":"https:\/\/juliakursawe.de\/index.php\/wp-json\/wp\/v2\/users\/1"}],"replies":[{"embeddable":true,"href":"https:\/\/juliakursawe.de\/index.php\/wp-json\/wp\/v2\/comments?post=119"}],"version-history":[{"count":14,"href":"https:\/\/juliakursawe.de\/index.php\/wp-json\/wp\/v2\/pages\/119\/revisions"}],"predecessor-version":[{"id":4776,"href":"https:\/\/juliakursawe.de\/index.php\/wp-json\/wp\/v2\/pages\/119\/revisions\/4776"}],"up":[{"embeddable":true,"href":"https:\/\/juliakursawe.de\/index.php\/wp-json\/wp\/v2\/pages\/36"}],"wp:attachment":[{"href":"https:\/\/juliakursawe.de\/index.php\/wp-json\/wp\/v2\/media?parent=119"}],"curies":[{"name":"wp","href":"https:\/\/api.w.org\/{rel}","templated":true}]}}