{"id":138,"date":"2020-10-11T19:46:17","date_gmt":"2020-10-11T17:46:17","guid":{"rendered":"https:\/\/juliakursawe.de\/?page_id=138"},"modified":"2026-03-24T21:52:24","modified_gmt":"2026-03-24T20:52:24","slug":"konzertarchiv","status":"publish","type":"page","link":"https:\/\/juliakursawe.de\/index.php\/calendar\/konzertarchiv\/","title":{"rendered":"Konzertarchiv"},"content":{"rendered":"\n<p class=\"has-medium-font-size\"><em>ARCHIV &#8211; Eine Auswahl <\/em><\/p>\n\n\n\n<p><strong>2025<\/strong><\/p>\n\n\n\n<ul><li>aus der Reihe ImPuls der Suite<br>SUITE CUBIC &#8211; soundance Festival Berlin<br>Flos Vanus * Adabana &#8211; Uckerm\u00e4rkische Musikwochen<\/li><\/ul>\n\n\n\n<ul><li>Ensemble Samudra<br>&#8222;IndiaBaroque plus 1 &amp; 2&#8220;, Emmauskirche + Weg der Mitte Berlin-Zehlendorf, Novilla Berlin-Treptow<\/li><\/ul>\n\n\n\n<ul><li>Ensemble Tres Morillas<br>R\u00edu R\u00edu Ch\u00edu &#8211; Emmauskirche Berlin-Zehlendorf, S\u00f6ller im Gotischen Rathaus Wei\u00dfenburg, Churf\u00fcrstensaal im Kloster zu F\u00fcrstenfeldbruck in der Reihe Alte Musik in F\u00fcrstenfeld<\/li><\/ul>\n\n\n\n<ul><li>Kompositionen<br>&#8222;BachBadewanne&#8220; Urauff\u00fchrung mit Ensemble Samudra in der Novilla Berlin-Treptow<br>&#8222;Une jeune fillette&#8220; mit M\u00e4dchenchor der Singakademie zu Berlin e.V. in der Gethsemanekirche, UdK und KMS Philharmonie Berlin<\/li><\/ul>\n\n\n\n<ul><li>Cello solo: &#8222;Fontane-Lyrik-Projekt&#8220; fontane.kosmos Neuruppin<\/li><\/ul>\n\n\n\n<ul><li>Kooperationen: &#8222;Tango meets Beatbox meets Bach&#8220; mit MandoBeatbox in Berlin, Duo Gitarre &amp; Barockcello mit Adrian Florez Ibanez in Berlin<\/li><\/ul>\n\n\n\n<ul><li>Mitwirkungen: Diplomatisches Streichquartett in Bielefeld, Fulda Aachen, D\u00fcsseldorf, Rostock, Karlsruhe, Erfurt, M\u00e4dchenchor der Singakademie zu Berlin e.V. <\/li><\/ul>\n\n\n\n<p><strong>2024<\/strong><\/p>\n\n\n\n<ul><li>aus der Reihe ImPuls der Suite<br>SUITE CUBIC &#8211; Tresor Einbeck, Tangobr\u00fccke <br>Suite Ricercare &#8211; Kunstraum Potsdam, Kulturfeste im Land Brandenburg <\/li><\/ul>\n\n\n\n<ul><li>Ensemble baroque-e-motion <br>Dialog der Orgel mit dem Cello Piccolo &#8211; Emmauskirche Berlin, Ulmer M\u00fcnster<\/li><\/ul>\n\n\n\n<ul><li>Ensemble Samudra <br>IndianBaroque &#8211; Emmauskirche Berlin, Indische Botschaft<\/li><\/ul>\n\n\n\n<ul><li>Ensemble Tres Morillas <br>La Maladeta &#8211; Kloster Obermarchtal<\/li><\/ul>\n\n\n\n<ul><li>Kompositionen: <br>&#8222;Berlin 1&#8220; Urauff\u00fchrung bei Unerh\u00f6rt &#8211; Komponistinnen in und aus Berlin <br>Vocalensemble Acanto &#8211; Matth\u00e4ikirche Berlin<br>&#8222;Im Tal der fliegenden Badem\u00e4ntel&#8220; Kinderbuchlesung von Clemente Potente mit Urauff\u00fchrung<br>Speicher Gramzow <br>&#8222;Une jeune fillette&#8220; mit M\u00e4dchenchor der Singakademie zu Berlin e.V. preisgekr\u00f6nt beim Erwitter Kinder- und Jugendchor Wettbewerb<\/li><\/ul>\n\n\n\n<ul><li>Mitwirkungen: Concerto Brandenburg, M\u00e4dchenchor der Singakademie zu Berlin, Ensemble PANtiqua, Ensemble Antico<\/li><\/ul>\n\n\n\n<ul><li>Musikphysiologie &#8211; C.P.E. Bach Musikgymnasium Berlin, Gesunde Musikschule Berlin Spandau, Akademie f\u00fcr Musik Berlin <\/li><\/ul>\n\n\n\n<p><strong>2023<\/strong><\/p>\n\n\n\n<ul><li>aus der Reihe ImPuls der Suite<br>Suite Ricercare &#8211; Premiere in den Uferstudios Berlin, Version instrumental bei Kunst im Mittelhof Uckermark<br>SUITE CUBIC &#8211; Wandel-Konzert-Performance im Speicher Gramzow, Uckermark <br>&#8222;Flow my tears&#8220; Virtuelle-Realtit\u00e4t-Musikvideo von und mit Yui Kawaguchi<\/li><\/ul>\n\n\n\n<ul><li>Ensemble Tres Morillas <br>La Maladeta &#8211; Sophienkirche Berlin-Mitte, Ev. Dorfkirche Blankenfelde Berlin, Kammermusiksaal Havelschl\u00f6sschen Potsdam, Kunstgewerbemuseum Berlin<\/li><\/ul>\n\n\n\n<ul><li>Mitwirkung: <br>Chor sono97 &#8211; KMS der Philharmonie Berlin, Hoffnungskirche Berlin-Pankow, Martin-Luther-Genezareth-Kirche Berlin-Neuk\u00f6lln <br>M\u00e4dchenchor der Singakademie zu Berlin &#8211; UdK Berlin, Kaiser-Wilhelm-Ged\u00e4chtniskirche Berlin <br>Babylon Filmorchester Berlin &#8211; Charlie Chaplin Filme OmU &#8211; Kino Babylon <br>Ensemble Antico<\/li><\/ul>\n\n\n\n<ul><li>Angewandte Musikphysiologie: beschwerdefrei musizieren &#8211; leichter lernen <br>Wochenendworkshop an der Landesmusikakademie Sachsen-Anhalt<\/li><\/ul>\n\n\n\n<p><strong>2022<\/strong><\/p>\n\n\n\n<ul><li>aus der Reihe ImPuls der Suite <br>SUITE CUBIC live &#8211; Villa Elisabeth Berlin, beim Netzwerk Junge Ohren<\/li><\/ul>\n\n\n\n<ul><li>Ensemble baroque-e-motion <br>Dialog der Orgel mit dem Cello Piccolo &#8211; Ev. Dorfkirche Blankenfelde Berlin<\/li><\/ul>\n\n\n\n<ul><li>Babylon Filmorchester Berlin &#8211; Charlie Chaplin Filme OmU &#8211; Kino Babylon <br>Modern Times &#8211; City Lights &#8211; The Circus &#8211; The Kid &#8211; The Gold Rush<\/li><\/ul>\n\n\n\n<ul><li>ZuZweit &#8211; Gutshaus Neukladower Salon, Ev. Dorfkirchen Blankenfelde Berlin<\/li><\/ul>\n\n\n\n<ul><li>Mitwirkung: <br>Orchester Aris &amp; Aulis auf historischen Instrumenten, Musiksommer in Dorfkirchen, RBB-live-Fernseh\u00fcbertragung<\/li><\/ul>\n\n\n\n<ul><li>Musikphysiologie &#8211; Seminar beim Th\u00fcringer Musikschulforum, C.P.E.Bach Musikgymnasium Berlin <\/li><\/ul>\n\n\n\n<p><strong>2021<\/strong><\/p>\n\n\n\n<ul><li>aus der Reihe ImPuls der Suite <br>SUITE CUBIC live &#8211; Premiere Konzerthaus Berlin, 20ff Festival Kontor Erfurt <br>Suite f\u00fcr Cello und Reifrock &#8211; Alles Pedale! Dorfkirche Treskow Neuruppin <\/li><\/ul>\n\n\n\n<ul><li>Ensemble baroque-e-motion&nbsp;<br>J. P. Westhoff, seine Violinsonaten, seine Reisen &#8211; online Format, Wildau, Kirche am Lietzensee Berlin, Ev. Kirche Berlin Altglienicke, Ev. Paulus Kirche Berlin Zehlendorf <br>Dialog der Orgel mit dem Cello Piccolo &#8211; Ev. Kirche Berlin Altglienicke, St. Georg Arneburg <\/li><\/ul>\n\n\n\n<ul><li>Ensemble Tres Morillas <br>Navarra &#8211; Siechenhauskapelle Neuruppin <br>Tonos Humanos &#8211; Ev. Dorfkirche Blankenfelde Berlin, Schwartzsche Villa Berlin <\/li><\/ul>\n\n\n\n<ul><li>Musikphysiologie &#8211; Th\u00fcringer Musikschulforum, C. P. E. Bach Musikgymnasium Berlin, Landesmusikakademie Sachsen-Anhalt <\/li><\/ul>\n\n\n\n<p><strong>2020<\/strong><\/p>\n\n\n\n<ul><li>aus der Reihe ImPuls der Suite <br>suite MINIMALE &#8211; Gutshaus Neu-Cladow Berlin<br>SUITE CUBIC &#8211; Insights in the box &#8211; online Format in den Uferstudios Berlin<\/li><\/ul>\n\n\n\n<ul><li>Ensemble baroque-e-motion<br>Streichduo &#8211; Dorfkirche Blankenfelde Berlin<\/li><\/ul>\n\n\n\n<ul><li>Ensemble Tres Morillas <br>Tonos Humanos &#8211; Schwartzsche Villa Berlin, Siechenhauskapelle Neuruppin <\/li><\/ul>\n\n\n\n<ul><li>Solomusik f\u00fcr Barockcello und Cello Piccolo, Schwartzsche Villa Berlin <\/li><\/ul>\n\n\n\n<ul><li>Vortrag Musikphysiologie &#8211; Musik und Kunst Privatuniversit\u00e4t der Stadt Wien, \u00d6sterreich<\/li><\/ul>\n\n\n\n<p><strong>2019<\/strong><\/p>\n\n\n\n<ul><li>aus der Reihe ImPuls der Suite <br>suite MINIMALE &#8211; Premiere Theater im Delphi Berlin <br>suite MINIMALE (work in progress) &#8211; Barockschloss Rammenau<br>Suite f\u00fcr Cello und Reifrock &#8211; Kloster Michaelstein Landesmusikakademie Sachsen-Anhalt<br>Suite f\u00fcr Cello und Reifrock &#8211; Barockschloss Rammenau<\/li><\/ul>\n\n\n\n<ul><li>Ensemble baroque-e-motion <br>K\u00f6nigliche Meisterschaft und Musikalisches Opfer &#8211; Uckerm\u00e4rkische Musikwochen <br>Telemann tanzt &#8211; Neustadt am R\u00fcbenberge&nbsp;<\/li><\/ul>\n\n\n\n<ul><li>Workshop Musikphysiologie &#8211; Landesmusikakademie Sachsen-Anhalt <\/li><\/ul>\n\n\n\n<p><strong>2018<\/strong><\/p>\n\n\n\n<ul><li>aus der Reihe ImPuls der Suite <br>Suite Transkription &#8211; Premiere Dock11 Berlin, Schlo\u00dftheater Rheinsberg <br>Suite f\u00fcr Cello und Reifrock &#8211; Zionskirche Berlin<\/li><\/ul>\n\n\n\n<ul><li>Ensemble baroque-e-motion <br>K\u00f6nigliche Meisterschaft und Musikalisches Opfer &#8211; Musikinstrumenten-Museum Berlin in Konzertreihe \u201eAlte Musik live&#8220;<\/li><\/ul>\n\n\n\n<ul><li>Ensemble Tres Morillas <br>\u00a1Ay que s\u00ed, Ay que no! &#8211; Zionskirche Berlin<\/li><\/ul>\n\n\n\n<ul><li>mit Trio Fado &#8211; Fado-Festival, Grudzi\u0105dz, Polen <\/li><\/ul>\n\n\n\n<p><strong>2017<\/strong><\/p>\n\n\n\n<ul><li>aus der Reihe ImPuls der Suite <br>Suite Transkription (work in Progress) &#8211; ufaFabrik Berlin <br>Suite f\u00fcr Cello und Reifrock &#8211; Lechner Museum Ingolstadt<br>Suite f\u00fcr Cello und Reifrock &#8211; Tournee in Bolivien<br>&#8211; zur deutschen Buchmesse Santa Cruz de la Sierra, Bolivien<br>&#8211; San Ignacio de Velasco, Bolivien&nbsp;<br>&#8211; Instituto Cultural Boliviano-Alem\u00e1n Sucre, Bolivien<br>Suite f\u00fcr Cello und Reifrock &#8211; Ephraim-Palais Berlin<\/li><\/ul>\n\n\n\n<ul><li>Ensemble baroque-e-motion <br>No\u00ebl baroque &#8211; Ilmenau und Erfurt <\/li><\/ul>\n\n\n\n<ul><li>Ensemble Tres Morillas&nbsp;<br>R\u00edu R\u00edu Ch\u00edu &#8211; Nikolaikirche Berlin <\/li><\/ul>\n\n\n\n<ul><li>Seminar Musikphysiologie &#8211; Goethe-Zentrum Santa Cruz de la Sierra, Bolivien <\/li><\/ul>\n\n\n\n<p><strong>2016<\/strong><\/p>\n\n\n\n<ul><li>aus der Reihe ImPuls der Suite <br>Suite f\u00fcr Cello und Reifrock &#8211; Uckerm\u00e4rkischen Musikwochen, T-Werk Potsdam, Nikolaikirche Berlin-Mitte, Kant-Gymnasium + Musikschule Berlin-Spandau<\/li><\/ul>\n\n\n\n<ul><li>Ensemble Tres Morillas <br>R\u00edu R\u00edu Ch\u00edu &#8211; Ilmenau <\/li><\/ul>\n\n\n\n<ul><li>Ensemble baroque-e-motion <br>Cellovirtuose und Komponist &#8211; Studio a&#8217;415 Berlin <\/li><\/ul>\n\n\n\n<ul><li>Seminar Musikphysiologie &#8211; Musikspezialgymnasium C.P.E.Bach Berlin <\/li><\/ul>\n","protected":false},"excerpt":{"rendered":"<p>ARCHIV &#8211; Eine Auswahl 2025 aus der Reihe ImPuls der SuiteSUITE CUBIC &#8211; soundance Festival BerlinFlos Vanus * Adabana &#8211; Uckerm\u00e4rkische Musikwochen Ensemble Samudra&#8222;IndiaBaroque plus 1 &amp; 2&#8220;, Emmauskirche + Weg der Mitte Berlin-Zehlendorf, Novilla Berlin-Treptow Ensemble Tres MorillasR\u00edu R\u00edu Ch\u00edu &#8211; Emmauskirche Berlin-Zehlendorf, S\u00f6ller im Gotischen Rathaus Wei\u00dfenburg, Churf\u00fcrstensaal im Kloster zu F\u00fcrstenfeldbruck in&hellip;&nbsp;<a href=\"https:\/\/juliakursawe.de\/index.php\/calendar\/konzertarchiv\/\" class=\"\" rel=\"bookmark\">Weiterlesen &raquo;<span class=\"screen-reader-text\">Konzertarchiv<\/span><\/a><\/p>\n","protected":false},"author":1,"featured_media":0,"parent":136,"menu_order":0,"comment_status":"closed","ping_status":"closed","template":"","meta":{"neve_meta_sidebar":"","neve_meta_container":"","neve_meta_enable_content_width":"","neve_meta_content_width":0,"neve_meta_title_alignment":"","neve_meta_author_avatar":"","neve_post_elements_order":"","neve_meta_disable_header":"","neve_meta_disable_footer":"","neve_meta_disable_title":""},"_links":{"self":[{"href":"https:\/\/juliakursawe.de\/index.php\/wp-json\/wp\/v2\/pages\/138"}],"collection":[{"href":"https:\/\/juliakursawe.de\/index.php\/wp-json\/wp\/v2\/pages"}],"about":[{"href":"https:\/\/juliakursawe.de\/index.php\/wp-json\/wp\/v2\/types\/page"}],"author":[{"embeddable":true,"href":"https:\/\/juliakursawe.de\/index.php\/wp-json\/wp\/v2\/users\/1"}],"replies":[{"embeddable":true,"href":"https:\/\/juliakursawe.de\/index.php\/wp-json\/wp\/v2\/comments?post=138"}],"version-history":[{"count":34,"href":"https:\/\/juliakursawe.de\/index.php\/wp-json\/wp\/v2\/pages\/138\/revisions"}],"predecessor-version":[{"id":4882,"href":"https:\/\/juliakursawe.de\/index.php\/wp-json\/wp\/v2\/pages\/138\/revisions\/4882"}],"up":[{"embeddable":true,"href":"https:\/\/juliakursawe.de\/index.php\/wp-json\/wp\/v2\/pages\/136"}],"wp:attachment":[{"href":"https:\/\/juliakursawe.de\/index.php\/wp-json\/wp\/v2\/media?parent=138"}],"curies":[{"name":"wp","href":"https:\/\/api.w.org\/{rel}","templated":true}]}}