{"id":1389,"date":"2021-05-05T13:05:28","date_gmt":"2021-05-05T11:05:28","guid":{"rendered":"https:\/\/juliakursawe.de\/?page_id=1389"},"modified":"2025-03-27T14:06:50","modified_gmt":"2025-03-27T13:06:50","slug":"j-p-westhoff","status":"publish","type":"page","link":"https:\/\/juliakursawe.de\/index.php\/works\/baroque-e-motion\/j-p-westhoff\/","title":{"rendered":"J. P. Westhoff"},"content":{"rendered":"\n<h2 class=\"has-text-align-center has-nv-site-bg-background-color has-background\"><strong>J. P. Westhoff, seine Violinsonaten, seine Reisen<\/strong> <\/h2>\n\n\n\n<div class=\"wp-block-media-text alignwide has-media-on-the-right is-stacked-on-mobile is-vertically-aligned-center\"><figure class=\"wp-block-media-text__media\"><img loading=\"lazy\" width=\"1024\" height=\"638\" src=\"https:\/\/juliakursawe.de\/wp-content\/uploads\/2021\/05\/Westhoff-a3-e1620215384580-1024x638.jpg\" alt=\"\" class=\"wp-image-1402 size-full\" srcset=\"https:\/\/juliakursawe.de\/wp-content\/uploads\/2021\/05\/Westhoff-a3-e1620215384580-1024x638.jpg 1024w, https:\/\/juliakursawe.de\/wp-content\/uploads\/2021\/05\/Westhoff-a3-e1620215384580-300x187.jpg 300w, https:\/\/juliakursawe.de\/wp-content\/uploads\/2021\/05\/Westhoff-a3-e1620215384580-768x479.jpg 768w, https:\/\/juliakursawe.de\/wp-content\/uploads\/2021\/05\/Westhoff-a3-e1620215384580-1536x958.jpg 1536w, https:\/\/juliakursawe.de\/wp-content\/uploads\/2021\/05\/Westhoff-a3-e1620215384580-2048x1277.jpg 2048w\" sizes=\"(max-width: 1024px) 100vw, 1024px\" \/><\/figure><div class=\"wp-block-media-text__content\">\n<p class=\"has-small-font-size\">Johann Paul von Westhoff (1656 Dresden &#8211; 1705 Weimar) war ein deutscher Violinvirtuose, Komponist und Sprachdozent. <br>Er wurde 1656 in Dresden geboren, k\u00e4mpfte als Soldat im Feldzug gegen die T\u00fcrken in Ungarn, wurde als Violinvirtuose in Versailles vom \u201eSonnenk\u00f6nig\u201c und in Wien vom Kaiser empfangen, unternahm eine Vielzahl von Reisen, wirkte am Dresdner Hof, hatte eine Professur f\u00fcr Fremdsprachen in Wittenberg inne und war schlie\u00dflich am Hof des Gro\u00dfherzogs in Weimar als Sekret\u00e4r und Musiker angestellt. Er begeisterte seine Zeitgenossen mit ausdrucksstarkem, virtuosem Geigenspiel, einfallsreichen Kompositionen bis hin zu einer ganz eigenen Notationsweise. <br>Seinen Violinkompositionen sowie seiner Verbindung mit manch einflu\u00dfreichen Komponisten widmen wir unser Konzertprojekt.<\/p>\n<\/div><\/div>\n\n\n\n<p class=\"has-text-align-center has-background\" style=\"background-color:#f6f3ed\">Ausschnitte aus <strong>Part 1: &#8222;Imitatione delle campane&#8220; &#8211; J. P. Westhoff und J. S. Bach <\/strong><\/p>\n\n\n\n<figure class=\"wp-block-embed is-type-video is-provider-vimeo wp-block-embed-vimeo wp-embed-aspect-16-9 wp-has-aspect-ratio\"><div class=\"wp-block-embed__wrapper\">\n<div class=\"nv-iframe-embed\"><iframe loading=\"lazy\" title=\"J. P. Westhoff und J. S. BACH\" src=\"https:\/\/player.vimeo.com\/video\/546651351?dnt=1&amp;app_id=122963\" width=\"1200\" height=\"675\" frameborder=\"0\" allow=\"autoplay; fullscreen; picture-in-picture; clipboard-write; encrypted-media\"><\/iframe><\/div>\n<\/div><\/figure>\n\n\n\n<figure class=\"wp-block-embed is-type-video is-provider-vimeo wp-block-embed-vimeo wp-embed-aspect-16-9 wp-has-aspect-ratio\"><div class=\"wp-block-embed__wrapper\">\n<div class=\"nv-iframe-embed\"><iframe loading=\"lazy\" title=\"entra nel sogno &quot;Imitatione delle campane&quot;\" src=\"https:\/\/player.vimeo.com\/video\/546694796?dnt=1&amp;app_id=122963\" width=\"1200\" height=\"675\" frameborder=\"0\" allow=\"autoplay; fullscreen; picture-in-picture; clipboard-write; encrypted-media\"><\/iframe><\/div>\n<\/div><\/figure>\n\n\n\n<p class=\"has-text-align-center has-background\" style=\"background-color:#f6f3ed\"><strong>Programm 1 &#8211; &#8222;Imitatione delle campane&#8220; &#8211; J. P. Westhoff und J. S. Bach <\/strong><br><em>J. P. Westhoff<\/em>: Sonate 3 d-moll &amp; Sonate 6 g-moll f\u00fcr Violine &amp; Basso Continuo (Dresden 1694) <br>Suite 6 f\u00fcr Solo Violine D-Dur (1696) <br><em>J. S. Bach<\/em>: Gambensonate G-Dur (BWV 1027) &amp; Cellosuite 2 d-moll (BWV 1008) <br><em>J. G. Pisendel<\/em>: Sonate g-moll f\u00fcr Violine &amp; Basso Continuo <\/p>\n\n\n\n<p class=\"has-text-align-center has-background\" style=\"background-color:#f6f3ed\"><strong>Programm 2 &#8211; &#8222;La Guerra&#8220; &#8211; J. P. Westhoff auf Reisen <\/strong><br><em>J. P. Westhoff:<\/em> Sonata Violino Solo col Basso Continuo \u201eLa Guerra\u201c A-Dur <br>Suite f\u00fcr Violine solo Nr. 2 A-Dur (1696) <br>Sonate Nr. 4 d-Moll f\u00fcr Violine &amp; Basso Continuo\u00a0<br><em>D. Gabrielli:<\/em> Ricercar Nr. 7 f\u00fcr Basso solo <br><em>M. Weckmann:<\/em> Toccata a-moll f\u00fcr Cembalo solo <br><em>D. Buxtehude:<\/em> Trio Nr. 6 d-Moll\u00a0Opus 1<\/p>\n\n\n\n<p class=\"has-text-align-center\">Barockvioline: Kerstin Linder-Dewan <br>Cello Piccolo und Barockcello: Julia Kursawe <br>Cembalo: Beni Araki \/ G\u00f6sta Funck<\/p>\n","protected":false},"excerpt":{"rendered":"<p>J. P. Westhoff, seine Violinsonaten, seine Reisen Johann Paul von Westhoff (1656 Dresden &#8211; 1705 Weimar) war ein deutscher Violinvirtuose, Komponist und Sprachdozent. Er wurde 1656 in Dresden geboren, k\u00e4mpfte als Soldat im Feldzug gegen die T\u00fcrken in Ungarn, wurde als Violinvirtuose in Versailles vom \u201eSonnenk\u00f6nig\u201c und in Wien vom Kaiser empfangen, unternahm eine Vielzahl&hellip;&nbsp;<a href=\"https:\/\/juliakursawe.de\/index.php\/works\/baroque-e-motion\/j-p-westhoff\/\" class=\"\" rel=\"bookmark\">Weiterlesen &raquo;<span class=\"screen-reader-text\">J. P. Westhoff<\/span><\/a><\/p>\n","protected":false},"author":1,"featured_media":0,"parent":90,"menu_order":0,"comment_status":"closed","ping_status":"closed","template":"","meta":{"neve_meta_sidebar":"full-width","neve_meta_container":"","neve_meta_enable_content_width":"on","neve_meta_content_width":100,"neve_meta_title_alignment":"","neve_meta_author_avatar":"","neve_post_elements_order":"","neve_meta_disable_header":"","neve_meta_disable_footer":"","neve_meta_disable_title":""},"_links":{"self":[{"href":"https:\/\/juliakursawe.de\/index.php\/wp-json\/wp\/v2\/pages\/1389"}],"collection":[{"href":"https:\/\/juliakursawe.de\/index.php\/wp-json\/wp\/v2\/pages"}],"about":[{"href":"https:\/\/juliakursawe.de\/index.php\/wp-json\/wp\/v2\/types\/page"}],"author":[{"embeddable":true,"href":"https:\/\/juliakursawe.de\/index.php\/wp-json\/wp\/v2\/users\/1"}],"replies":[{"embeddable":true,"href":"https:\/\/juliakursawe.de\/index.php\/wp-json\/wp\/v2\/comments?post=1389"}],"version-history":[{"count":45,"href":"https:\/\/juliakursawe.de\/index.php\/wp-json\/wp\/v2\/pages\/1389\/revisions"}],"predecessor-version":[{"id":4492,"href":"https:\/\/juliakursawe.de\/index.php\/wp-json\/wp\/v2\/pages\/1389\/revisions\/4492"}],"up":[{"embeddable":true,"href":"https:\/\/juliakursawe.de\/index.php\/wp-json\/wp\/v2\/pages\/90"}],"wp:attachment":[{"href":"https:\/\/juliakursawe.de\/index.php\/wp-json\/wp\/v2\/media?parent=1389"}],"curies":[{"name":"wp","href":"https:\/\/api.w.org\/{rel}","templated":true}]}}