{"id":143,"date":"2020-10-11T19:47:56","date_gmt":"2020-10-11T17:47:56","guid":{"rendered":"https:\/\/juliakursawe.de\/?page_id=143"},"modified":"2020-10-13T20:09:11","modified_gmt":"2020-10-13T18:09:11","slug":"links","status":"publish","type":"page","link":"https:\/\/juliakursawe.de\/index.php\/contact\/links\/","title":{"rendered":"Links"},"content":{"rendered":"\n<h3>Links<\/h3>\n\n\n\n<p><a href=\"http:\/\/gkfd.de\/\" target=\"_blank\" rel=\"noreferrer noopener\" aria-label=\"Gesellschaft f\u00fcr k\u00fcnstlerische Forschung (opens in a new tab)\">Gesellschaft f\u00fcr k\u00fcnstlerische Forschung<\/a><\/p>\n\n\n\n<p><a href=\"http:\/\/www.kulturfeste.de\/\" target=\"_blank\" rel=\"noreferrer noopener\">Kulturfeste im Land Brandenburg<\/a><\/p>\n\n\n\n<p><a href=\"http:\/\/www.sim.spk-berlin.de\" target=\"_blank\" rel=\"noreferrer noopener\">Musikinstrumentemuseum Berlin<\/a><\/p>\n\n\n\n<p><a href=\"http:\/\/www.stadtmuseum.de\/\" target=\"_blank\" rel=\"noreferrer noopener\">Stadtmuseum Berlin<\/a><\/p>\n\n\n\n<p><a href=\"https:\/\/www.udk-berlin.de\/\" target=\"_blank\" rel=\"noreferrer noopener\">Universit\u00e4t der K\u00fcnste Berlin<\/a><\/p>\n\n\n\n<p><a href=\"https:\/\/www.jungeohren.de\/\" target=\"_blank\" rel=\"noreferrer noopener\" aria-label=\" (opens in a new tab)\">Netzwerk Junge Ohren<\/a><\/p>\n\n\n\n<p><a rel=\"noreferrer noopener\" href=\"https:\/\/v-a-m.org\/\" target=\"_blank\">Vereinigung Alte Musik<\/a><\/p>\n\n\n\n<p><a href=\"https:\/\/www.alte-musik-berlin.de\/kalender\/\" target=\"_blank\" rel=\"noreferrer noopener\" aria-label=\"Alte Musik Berlin (opens in a new tab)\">Alte Musik Berlin<\/a><\/p>\n\n\n\n<p><a href=\"http:\/\/www.musikgymnasium-berlin.de\/\" target=\"_blank\" rel=\"noreferrer noopener\">Musikgymnasium Carl Philipp Emanuel Bach Berlin<\/a><\/p>\n\n\n\n<p><a href=\"http:\/\/www.mendora.com\" target=\"_blank\" rel=\"noreferrer noopener\">Yui Kawaguchi<\/a><\/p>\n\n\n\n<p><a href=\"https:\/\/www.shengfangchiu.com\/\" target=\"_blank\" rel=\"noreferrer noopener\" aria-label=\"Sheng-Fang Chiu (opens in a new tab)\">Sheng-Fang Chiu<\/a><\/p>\n\n\n\n<p><a href=\"https:\/\/irenecortina.wordpress.com\/\" target=\"_blank\" rel=\"noreferrer noopener\">Irene Cortina<\/a><\/p>\n\n\n\n<p><a href=\"http:\/\/osteopathie-clemens-ziesenitz.de\/\" target=\"_blank\" rel=\"noreferrer noopener\">Clemens Ziesenitz<\/a><\/p>\n\n\n\n<p><a href=\"http:\/\/www.a415.de\" target=\"_blank\" rel=\"noreferrer noopener\">Studio A 415<\/a><\/p>\n\n\n\n<p><a href=\"http:\/\/triofado.de\/\" target=\"_blank\" rel=\"noreferrer noopener\">Trio Fado<\/a><\/p>\n\n\n\n<p><a rel=\"noreferrer noopener\" href=\"https:\/\/noelchristin.wordpress.com\/\" target=\"_blank\">Christin Noel<\/a><\/p>\n\n\n\n<p><a rel=\"noreferrer noopener\" aria-label=\"Fabian Bleisch (opens in a new tab)\" href=\"https:\/\/www.lichtdesign-berlin.com\/\" target=\"_blank\">Fabian Bleisch<\/a><\/p>\n\n\n\n<p><a href=\"http:\/\/4xsample.de\/\" target=\"_blank\" rel=\"noreferrer noopener\">Daniel Mandolini<\/a><\/p>\n\n\n\n<p style=\"font-size:11px\">Mit Urteil vom 12.  Mai 1998 hat das Landgericht Hamburg entschieden, dass man durch das  Erstellen eines Links die Inhalte der gelinkten Seite gegebenenfalls  mit zu verantworten hat. Dies kann, so das Landesgericht, nur dadurch verhindert werden, indem man sich ausdr\u00fccklich von diesen Inhalten distanziert. Ich habe auf meinen Seiten Links zu anderen Seiten im Internet gelegt. F\u00fcr alle diese Links gilt:<br>Ich erkl\u00e4re ausdr\u00fccklich, dass ich keinerlei Einfluss auf die Gestaltung und die Inhalte der gelinkten Seiten habe. Deshalb distanziere ich mich hiermit ausdr\u00fccklich von allen Inhalten aller gelinkten, nicht von mir angefertigten, Seiten auf meiner Internetpr\u00e4senz und mache mir diese Inhalte nicht zu Eigen. Diese Erkl\u00e4rung gilt f\u00fcr alle auf meiner Internetpr\u00e4senz angezeigten Links zu den nicht von mir verantworteten Seiten und f\u00fcr alle Inhalte dieser Seiten, zu denen die bei mir angelegten Banner und Links f\u00fchren und gilt bis auf Widerruf.<\/p>\n","protected":false},"excerpt":{"rendered":"<p>Links Gesellschaft f\u00fcr k\u00fcnstlerische Forschung Kulturfeste im Land Brandenburg Musikinstrumentemuseum Berlin Stadtmuseum Berlin Universit\u00e4t der K\u00fcnste Berlin Netzwerk Junge Ohren Vereinigung Alte Musik Alte Musik Berlin Musikgymnasium Carl Philipp Emanuel Bach Berlin Yui Kawaguchi Sheng-Fang Chiu Irene Cortina Clemens Ziesenitz Studio A 415 Trio Fado Christin Noel Fabian Bleisch Daniel Mandolini Mit Urteil vom 12.&hellip;&nbsp;<a href=\"https:\/\/juliakursawe.de\/index.php\/contact\/links\/\" class=\"\" rel=\"bookmark\">Weiterlesen &raquo;<span class=\"screen-reader-text\">Links<\/span><\/a><\/p>\n","protected":false},"author":1,"featured_media":0,"parent":140,"menu_order":1,"comment_status":"closed","ping_status":"closed","template":"","meta":{"neve_meta_sidebar":"","neve_meta_container":"","neve_meta_enable_content_width":"","neve_meta_content_width":0,"neve_meta_title_alignment":"","neve_meta_author_avatar":"","neve_post_elements_order":"","neve_meta_disable_header":"","neve_meta_disable_footer":"","neve_meta_disable_title":""},"_links":{"self":[{"href":"https:\/\/juliakursawe.de\/index.php\/wp-json\/wp\/v2\/pages\/143"}],"collection":[{"href":"https:\/\/juliakursawe.de\/index.php\/wp-json\/wp\/v2\/pages"}],"about":[{"href":"https:\/\/juliakursawe.de\/index.php\/wp-json\/wp\/v2\/types\/page"}],"author":[{"embeddable":true,"href":"https:\/\/juliakursawe.de\/index.php\/wp-json\/wp\/v2\/users\/1"}],"replies":[{"embeddable":true,"href":"https:\/\/juliakursawe.de\/index.php\/wp-json\/wp\/v2\/comments?post=143"}],"version-history":[{"count":2,"href":"https:\/\/juliakursawe.de\/index.php\/wp-json\/wp\/v2\/pages\/143\/revisions"}],"predecessor-version":[{"id":241,"href":"https:\/\/juliakursawe.de\/index.php\/wp-json\/wp\/v2\/pages\/143\/revisions\/241"}],"up":[{"embeddable":true,"href":"https:\/\/juliakursawe.de\/index.php\/wp-json\/wp\/v2\/pages\/140"}],"wp:attachment":[{"href":"https:\/\/juliakursawe.de\/index.php\/wp-json\/wp\/v2\/media?parent=143"}],"curies":[{"name":"wp","href":"https:\/\/api.w.org\/{rel}","templated":true}]}}