{"id":1980,"date":"2021-11-15T15:01:28","date_gmt":"2021-11-15T14:01:28","guid":{"rendered":"https:\/\/juliakursawe.de\/?page_id=1980"},"modified":"2025-04-02T15:33:09","modified_gmt":"2025-04-02T13:33:09","slug":"works-ensemble-tres-morillas-navarra","status":"publish","type":"page","link":"https:\/\/juliakursawe.de\/index.php\/works-ensemble-tres-morillas-navarra\/","title":{"rendered":"Navarra"},"content":{"rendered":"\n<figure class=\"wp-block-embed is-type-video is-provider-vimeo wp-block-embed-vimeo wp-embed-aspect-16-9 wp-has-aspect-ratio\"><div class=\"wp-block-embed__wrapper\">\n<div class=\"nv-iframe-embed\"><iframe loading=\"lazy\" title=\"Vos m\u00e9pris chaque jour - LIVE Ausschnitt 2023\" src=\"https:\/\/player.vimeo.com\/video\/947560087?dnt=1&amp;app_id=122963\" width=\"1200\" height=\"675\" frameborder=\"0\" allow=\"autoplay; fullscreen; picture-in-picture; clipboard-write; encrypted-media\"><\/iframe><\/div>\n<\/div><\/figure>\n\n\n\n<p class=\"has-text-align-center has-large-font-size\"><strong>Navarra<\/strong><\/p>\n\n\n\n<p class=\"has-text-align-center\"><strong>Traditionelle &amp; h\u00f6fische Musik im 16. &amp; 17. Jahrhunderts des K\u00f6nigreichs Navarra in den Pyren\u00e4en<\/strong><\/p>\n\n\n\n<p class=\"has-nv-site-bg-background-color has-background\">Wir begeben uns in die Pyren\u00e4en, ins K\u00f6nigreich Navarra, dessen Geschichte von vielf\u00e4ltigen Einfl\u00fcssen gepr\u00e4gt wurde. <br>Mit dem Blick auf beide Seiten der Pyren\u00e4en entstand eine eigenwillige Kultur. <br><br>So malen wir ein musikalisches Bild voller Farben: Romances, Chansons, Villancicos, Rondeaux, Folias, Eusko Kantak, J\u00e1caras erz\u00e4hlen von der Liebe, ihren traurigen wie heiteren Umst\u00e4nden,&nbsp;<br>von den Bergen, ihrer Sch\u00f6nheit wie auch ihrer H\u00e4rte,<br>\u2026\u2026und von der besten Medizin im Leben: dem Wein!<\/p>\n\n\n\n<p class=\"has-background\" style=\"background-color:#f6f3ed\"><strong>Musik von<\/strong> Pi\u00e8rre Cr\u00e9rau \/Leroy Ballard (um 1575), A. Mart\u00edn y Coll (um 1680), Juan V\u00e1squez (um 1560), Santiago de Murcia (1673-1739), A. Mudarra (um 1546), E. Moulini\u00e9 (um 1620), D. Gabrielli (um 1670)  <br><strong>aus Sammlungen von<\/strong> W. von Humboldt, J.-D.-J. Sallaberry, Mme de la Vill\u00e9h\u00e9lio, Charles Bordes<\/p>\n","protected":false},"excerpt":{"rendered":"<p>Navarra Traditionelle &amp; h\u00f6fische Musik im 16. &amp; 17. Jahrhunderts des K\u00f6nigreichs Navarra in den Pyren\u00e4en Wir begeben uns in die Pyren\u00e4en, ins K\u00f6nigreich Navarra, dessen Geschichte von vielf\u00e4ltigen Einfl\u00fcssen gepr\u00e4gt wurde. Mit dem Blick auf beide Seiten der Pyren\u00e4en entstand eine eigenwillige Kultur. So malen wir ein musikalisches Bild voller Farben: Romances, Chansons, Villancicos,&hellip;&nbsp;<a href=\"https:\/\/juliakursawe.de\/index.php\/works-ensemble-tres-morillas-navarra\/\" class=\"\" rel=\"bookmark\">Weiterlesen &raquo;<span class=\"screen-reader-text\">Navarra<\/span><\/a><\/p>\n","protected":false},"author":1,"featured_media":0,"parent":0,"menu_order":0,"comment_status":"closed","ping_status":"closed","template":"","meta":{"neve_meta_sidebar":"full-width","neve_meta_container":"","neve_meta_enable_content_width":"on","neve_meta_content_width":100,"neve_meta_title_alignment":"","neve_meta_author_avatar":"","neve_post_elements_order":"","neve_meta_disable_header":"","neve_meta_disable_footer":"","neve_meta_disable_title":""},"_links":{"self":[{"href":"https:\/\/juliakursawe.de\/index.php\/wp-json\/wp\/v2\/pages\/1980"}],"collection":[{"href":"https:\/\/juliakursawe.de\/index.php\/wp-json\/wp\/v2\/pages"}],"about":[{"href":"https:\/\/juliakursawe.de\/index.php\/wp-json\/wp\/v2\/types\/page"}],"author":[{"embeddable":true,"href":"https:\/\/juliakursawe.de\/index.php\/wp-json\/wp\/v2\/users\/1"}],"replies":[{"embeddable":true,"href":"https:\/\/juliakursawe.de\/index.php\/wp-json\/wp\/v2\/comments?post=1980"}],"version-history":[{"count":12,"href":"https:\/\/juliakursawe.de\/index.php\/wp-json\/wp\/v2\/pages\/1980\/revisions"}],"predecessor-version":[{"id":4524,"href":"https:\/\/juliakursawe.de\/index.php\/wp-json\/wp\/v2\/pages\/1980\/revisions\/4524"}],"wp:attachment":[{"href":"https:\/\/juliakursawe.de\/index.php\/wp-json\/wp\/v2\/media?parent=1980"}],"curies":[{"name":"wp","href":"https:\/\/api.w.org\/{rel}","templated":true}]}}