{"id":2585,"date":"2022-10-05T14:57:41","date_gmt":"2022-10-05T12:57:41","guid":{"rendered":"https:\/\/juliakursawe.de\/?page_id=2585"},"modified":"2026-03-23T11:27:20","modified_gmt":"2026-03-23T10:27:20","slug":"arrangements-composition","status":"publish","type":"page","link":"https:\/\/juliakursawe.de\/index.php\/arrangements-composition\/","title":{"rendered":"Arrangements \/ Composition"},"content":{"rendered":"\n<p class=\"has-text-align-left has-medium-font-size\"><strong>Kompositionen \/ Arrangements<\/strong><\/p>\n\n\n\n<div class=\"wp-block-columns\">\n<div class=\"wp-block-column\">\n<p><strong>LIVE: <br><br>&#8211; Berlin 1<\/strong><br>15. M\u00e4rz 2026 im Konzert WeiterSingen \u2013 \u00dcberLeben<br><a rel=\"noreferrer noopener\" href=\"https:\/\/vocalensemble-acanto.de\/\" target=\"_blank\">Vocalensemble Acanto<\/a> \/ <a rel=\"noreferrer noopener\" href=\"https:\/\/www.chorverband-berlin.de\/veranstaltungen\/konzerte-veranstaltungen\/sonntagskonzertreihe\/\" target=\"_blank\">Sonntagskonzertreihe des Chorverbands Berlin<\/a> KMS Philharmonie Berlin<br><br><strong>&#8211; Ricercar al vals lento + Im Viereck + Windweite <\/strong><br>im Programm <a href=\"https:\/\/juliakursawe.de\/index.php\/works\/impuls-der-suite\/suite-ricercare\/\">Suite Ricercare<\/a><br>23. April \u2013 21:00 &#8211; <a rel=\"noreferrer noopener\" href=\"https:\/\/yenidze-theater.de\/ticketshop?pg=event&amp;eid=138085&amp;edid=491755\" target=\"_blank\">Yenidze Theater<\/a>\u00a0Dresden<br>5. Juni &#8211; 19:00 &#8211; <a rel=\"noreferrer noopener\" href=\"https:\/\/bekindfestival.de\/\" target=\"_blank\">be kind festival<\/a> Friedenskapelle Berlin-Neuk\u00f6lln<br><strong><br>&#8211; Enkelm\u00e4dchen + n\u00e4ske LAX <\/strong><br>14. Juni &#8211; 19:30 im Programm <a href=\"https:\/\/juliakursawe.de\/index.php\/works\/impuls-der-suite\/flos-vanus\/\">&#8222;Flos Vanus * Adabana&#8220;<\/a> <br>beim<strong> <\/strong><a rel=\"noreferrer noopener\" href=\"https:\/\/soundance-festival.de\/\" target=\"_blank\">soundance Festival<\/a> im Dock 11 Berlin<\/p>\n<\/div>\n\n\n\n<div class=\"wp-block-column\">\n<figure class=\"wp-block-audio\"><audio controls src=\"https:\/\/juliakursawe.de\/wp-content\/uploads\/2025\/03\/Na\u0308ske-LAX-.mp3\"><\/audio><figcaption>n\u00e4ske LAX<br>Julia Kursawe 2023<br><a href=\"https:\/\/juliakursawe.de\/index.php\/works\/ensemble-samudra\/\">Ensemble Samudra <\/a><br>Audio: Peer Triebler 2025<\/figcaption><\/figure>\n<\/div>\n<\/div>\n\n\n\n<div class=\"wp-block-columns\">\n<div class=\"wp-block-column\">\n<figure class=\"wp-block-embed is-type-video is-provider-vimeo wp-block-embed-vimeo wp-embed-aspect-16-9 wp-has-aspect-ratio\"><div class=\"wp-block-embed__wrapper\">\n<div class=\"nv-iframe-embed\"><iframe loading=\"lazy\" title=\"Im Viereck\" src=\"https:\/\/player.vimeo.com\/video\/745004801?dnt=1&amp;app_id=122963\" width=\"1200\" height=\"675\" frameborder=\"0\" allow=\"autoplay; fullscreen; picture-in-picture; clipboard-write; encrypted-media; web-share\" referrerpolicy=\"strict-origin-when-cross-origin\"><\/iframe><\/div>\n<\/div><figcaption>Im Viereck &#8211; in Memoriam G. Ligeti (Ausschnitt)<br>Julia Kursawe 2022 <br>Dulzian: Adrian Rovatkay <br>Barockcello: Julia Kursawe <\/figcaption><\/figure>\n<\/div>\n\n\n\n<div class=\"wp-block-column\">\n<figure class=\"wp-block-embed is-type-video is-provider-vimeo wp-block-embed-vimeo wp-embed-aspect-16-9 wp-has-aspect-ratio\"><div class=\"wp-block-embed__wrapper\">\n<div class=\"nv-iframe-embed\"><iframe loading=\"lazy\" title=\"Windweite\" src=\"https:\/\/player.vimeo.com\/video\/788620371?dnt=1&amp;app_id=122963\" width=\"1200\" height=\"675\" frameborder=\"0\" allow=\"autoplay; fullscreen; picture-in-picture; clipboard-write; encrypted-media; web-share\" referrerpolicy=\"strict-origin-when-cross-origin\"><\/iframe><\/div>\n<\/div><figcaption><meta charset=\"utf-8\">Windweite &#8211; in Memoriam G. Ligeti (Ausschnitt)<br>Julia Kursawe 2022 <br>Dulzian: Adrian Rovatkay <br>Cello Piccolo: Julia Kursawe <\/figcaption><\/figure>\n<\/div>\n\n\n\n<div class=\"wp-block-column\">\n<figure class=\"wp-block-embed is-type-video is-provider-vimeo wp-block-embed-vimeo wp-embed-aspect-16-9 wp-has-aspect-ratio\"><div class=\"wp-block-embed__wrapper\">\n<div class=\"nv-iframe-embed\"><iframe loading=\"lazy\" title=\"Flow my tears - Lachrimae\" src=\"https:\/\/player.vimeo.com\/video\/818240749?dnt=1&amp;app_id=122963\" width=\"1200\" height=\"675\" frameborder=\"0\" allow=\"autoplay; fullscreen; picture-in-picture; clipboard-write; encrypted-media; web-share\" referrerpolicy=\"strict-origin-when-cross-origin\"><\/iframe><\/div>\n<\/div><figcaption><meta charset=\"utf-8\">Flow my tears &#8211; Lachrimae<br>John Dowland (1563 &#8211; 1626) <br>Satz: Julia Kursawe 2022<br><a href=\"https:\/\/juliakursawe.de\/index.php\/works\/impuls-der-suite\/\">Ensemble ImPuls der Suite<\/a><\/figcaption><\/figure>\n<\/div>\n<\/div>\n\n\n\n<div class=\"wp-block-columns\">\n<div class=\"wp-block-column\" style=\"flex-basis:100%\">\n<div class=\"wp-block-columns\">\n<div class=\"wp-block-column\">\n<figure class=\"wp-block-embed is-type-video is-provider-vimeo wp-block-embed-vimeo wp-embed-aspect-16-9 wp-has-aspect-ratio\"><div class=\"wp-block-embed__wrapper\">\n<div class=\"nv-iframe-embed\"><iframe loading=\"lazy\" title=\"Une Jeune Fillette - M\u00e4dchenchor der Singakademie zu Berlin - Chorwettbewerb Erwitte - live 2024\" src=\"https:\/\/player.vimeo.com\/video\/1019434802?dnt=1&amp;app_id=122963\" width=\"1200\" height=\"675\" frameborder=\"0\" allow=\"autoplay; fullscreen; picture-in-picture; clipboard-write; encrypted-media; web-share\" referrerpolicy=\"strict-origin-when-cross-origin\"><\/iframe><\/div>\n<\/div><figcaption>Une Jeune Fillette<br>Chanson: Frankreich 16. Jh<br>3 S\u00e4tze: Julia Kursawe<br>M\u00e4dchenchor III der Singakademie zu Berlin<br>Leitung: Kelley Sundin-Donig<\/figcaption><\/figure>\n<\/div>\n\n\n\n<div class=\"wp-block-column\">\n<figure class=\"wp-block-embed is-type-video is-provider-vimeo wp-block-embed-vimeo wp-embed-aspect-16-9 wp-has-aspect-ratio\"><div class=\"wp-block-embed__wrapper\">\n<div class=\"nv-iframe-embed\"><iframe loading=\"lazy\" title=\"Une jeune fillette - Kanon\" src=\"https:\/\/player.vimeo.com\/video\/757176683?dnt=1&amp;app_id=122963\" width=\"1200\" height=\"675\" frameborder=\"0\" allow=\"autoplay; fullscreen; picture-in-picture; clipboard-write; encrypted-media; web-share\" referrerpolicy=\"strict-origin-when-cross-origin\"><\/iframe><\/div>\n<\/div><figcaption><meta charset=\"utf-8\"> Une jeune fillette &#8211; Kanon<br>Chanson: Frankreich 16.Jh <br>Satz: Julia Kursawe 2022 <br>Gesang: Carmen Kursawe <br>Cello Piccolo: Julia Kursawe <\/figcaption><\/figure>\n<\/div>\n\n\n\n<div class=\"wp-block-column\">\n<figure class=\"wp-block-embed is-type-video is-provider-vimeo wp-block-embed-vimeo wp-embed-aspect-16-9 wp-has-aspect-ratio\"><div class=\"wp-block-embed__wrapper\">\n<div class=\"nv-iframe-embed\"><iframe loading=\"lazy\" title=\"La noche tenebrosa - Trailer\" src=\"https:\/\/player.vimeo.com\/video\/811953195?dnt=1&amp;app_id=122963\" width=\"1200\" height=\"675\" frameborder=\"0\" allow=\"autoplay; fullscreen; picture-in-picture; clipboard-write; encrypted-media; web-share\" referrerpolicy=\"strict-origin-when-cross-origin\"><\/iframe><\/div>\n<\/div><figcaption>La noche tenebrosa <br>Juan Hidalgo (1614 &#8211; 1685) <br>Intro: Julia Kursawe 2022<br><a href=\"https:\/\/juliakursawe.de\/index.php\/works\/ensemble-tres-morillas\/\">Ensemble Tres Morillas<\/a><\/figcaption><\/figure>\n<\/div>\n<\/div>\n<\/div>\n<\/div>\n\n\n\n<p class=\"has-text-align-center\"><strong>EINE AUSWAHL<\/strong><br>***<br><strong>BachBadewanne<\/strong> f\u00fcr Violine, Fagott &amp; Celesta oder Barockvioline, Barockcello, Tabla-Tarang &amp; Pfeifen 2024<br>Urauff\u00fchrung 2025 Novilla Berlin<br>***<br><strong>Berlin 1<\/strong> f\u00fcr a cappella Chor, 2024<br>Urauff\u00fchrung 2024 Matth\u00e4ikirche Kulturforum Berlin<br>2026 im KMS Philharmonie Berlin<br>***<br><strong>Musik zum Kinderbuch &#8222;Im Tal der fliegenden Badem\u00e4ntel\u201c <\/strong>von Clemente Potente\u00a02024<br>Urauff\u00fchrung 2024 Speicher Gramzow<br>***<br><strong>Wasser<\/strong> f\u00fcr 3 stimmigen Kinderchor Cello, Oud, Tabla-Tarang, 2024<br>***<br><strong>n\u00e4ske LAX<\/strong> f\u00fcr Cello, Tabla &amp; Violine, 2023<br>Urauff\u00fchrung 2023 Emmauskirche Berlin<br>***<br><strong>Flow my tears<\/strong> von J. Dowland, zweistimmiger Satz, 2022<br>Virtuelle-Realit\u00e4t-Video von Yui Kawaguchi 2023<br>***<br><strong>Ricercar al vals lento<\/strong> f\u00fcr Dulzian &amp; Cello Piccolo oder Cello &amp; Gitarre, 2023<br>+<br><strong>Im Viereck<\/strong> f\u00fcr Dulzian &amp; Barockcello bzw. 2 gleiche Stimmen, 2022<br>+<br><strong>Windweite<\/strong> f\u00fcr Gro\u00dfbasspommer, Dulzian &amp; Cello Piccolo, 2022<br>Urauff\u00fchrung 2023 Uferstudios Berlin,<br>Kulturfeste im Land Brandenburg \/ Kunstraum Potsdam<br>***<br><strong>La noche tenebrosa<\/strong> von J. Hidalgo, zweistimmiger Satz, 2022<br>Urauff\u00fchrung 2022 Sophienkirche Berlin<br>***<br><strong>Une jeune fillette<\/strong> 3 zweistimmige S\u00e4tze, 2022<br>Urauff\u00fchrung 2024 M\u00e4dchenchor der Singakademie zu Berlin e.V.<br>im Programm beim 8. Erwitter Kinder- und Jugendchorwettbewerb\u00a0mit dem 1. Preis in der Kategori &#8222;Kinderch\u00f6re bis 13 Jahre&#8220; und dem Preis f\u00fcr die beste Interpretation eines zeitgen\u00f6ssischen St\u00fccks und dem Preis f\u00fcr die beste chorische Leistung<\/p>\n\n\n\n<p class=\"has-text-align-center\"><strong>***<\/strong><\/p>\n\n\n\n<p class=\"has-text-align-center has-small-font-size\">E<em>inige Kompositionen entstanden mithilfe stipendienartiger F\u00f6rderung durch die Senatsverwaltung f\u00fcr Kultur und Europa, die GVL, den Deutschen Musikrat und  den Musikfonds sowie im Rahmen des Programms Neustart Kultur. <\/em><\/p>\n","protected":false},"excerpt":{"rendered":"<p>Kompositionen \/ Arrangements LIVE: &#8211; Berlin 115. M\u00e4rz 2026 im Konzert WeiterSingen \u2013 \u00dcberLebenVocalensemble Acanto \/ Sonntagskonzertreihe des Chorverbands Berlin KMS Philharmonie Berlin &#8211; Ricercar al vals lento + Im Viereck + Windweite im Programm Suite Ricercare23. April \u2013 21:00 &#8211; Yenidze Theater\u00a0Dresden5. Juni &#8211; 19:00 &#8211; be kind festival Friedenskapelle Berlin-Neuk\u00f6lln&#8211; Enkelm\u00e4dchen + n\u00e4ske&hellip;&nbsp;<a href=\"https:\/\/juliakursawe.de\/index.php\/arrangements-composition\/\" class=\"\" rel=\"bookmark\">Weiterlesen &raquo;<span class=\"screen-reader-text\">Arrangements \/ Composition<\/span><\/a><\/p>\n","protected":false},"author":1,"featured_media":0,"parent":0,"menu_order":0,"comment_status":"closed","ping_status":"closed","template":"","meta":{"neve_meta_sidebar":"full-width","neve_meta_container":"","neve_meta_enable_content_width":"on","neve_meta_content_width":100,"neve_meta_title_alignment":"","neve_meta_author_avatar":"","neve_post_elements_order":"","neve_meta_disable_header":"","neve_meta_disable_footer":"","neve_meta_disable_title":""},"_links":{"self":[{"href":"https:\/\/juliakursawe.de\/index.php\/wp-json\/wp\/v2\/pages\/2585"}],"collection":[{"href":"https:\/\/juliakursawe.de\/index.php\/wp-json\/wp\/v2\/pages"}],"about":[{"href":"https:\/\/juliakursawe.de\/index.php\/wp-json\/wp\/v2\/types\/page"}],"author":[{"embeddable":true,"href":"https:\/\/juliakursawe.de\/index.php\/wp-json\/wp\/v2\/users\/1"}],"replies":[{"embeddable":true,"href":"https:\/\/juliakursawe.de\/index.php\/wp-json\/wp\/v2\/comments?post=2585"}],"version-history":[{"count":66,"href":"https:\/\/juliakursawe.de\/index.php\/wp-json\/wp\/v2\/pages\/2585\/revisions"}],"predecessor-version":[{"id":4872,"href":"https:\/\/juliakursawe.de\/index.php\/wp-json\/wp\/v2\/pages\/2585\/revisions\/4872"}],"wp:attachment":[{"href":"https:\/\/juliakursawe.de\/index.php\/wp-json\/wp\/v2\/media?parent=2585"}],"curies":[{"name":"wp","href":"https:\/\/api.w.org\/{rel}","templated":true}]}}