{"id":2813,"date":"2023-01-23T22:21:46","date_gmt":"2023-01-23T21:21:46","guid":{"rendered":"https:\/\/juliakursawe.de\/?page_id=2813"},"modified":"2026-04-09T18:24:18","modified_gmt":"2026-04-09T16:24:18","slug":"suite-ricercare","status":"publish","type":"page","link":"https:\/\/juliakursawe.de\/index.php\/works\/impuls-der-suite\/suite-ricercare\/","title":{"rendered":"Suite Ricercare"},"content":{"rendered":"\n<p style=\"text-align: right;\"><a href=\"https:\/\/juliakursawe.de\/index.php\/works\/impuls-der-suite\/suite-ricercare\/suite-ricercare-esp\/\"><img loading=\"lazy\" class=\"alignnone wp-image-1905 \" src=\"https:\/\/juliakursawe.de\/wp-content\/uploads\/2020\/10\/espanol.jpg\" alt=\"\" width=\"35\" height=\"23\" \/><\/a>  &nbsp; <a href=\"https:\/\/juliakursawe.de\/index.php\/works\/impuls-der-suite\/suite-ricercare\/suite-ricercare-engl\/\"><img loading=\"lazy\" class=\"alignnone wp-image-1906 \" src=\"https:\/\/juliakursawe.de\/wp-content\/uploads\/2020\/10\/english.jpg\" alt=\"\" width=\"35\" height=\"23\"\/><\/a>\n\n\n\n<p class=\"has-text-align-center has-large-font-size\"><strong>Suite Ricercare<\/strong><\/p>\n\n\n\n<figure class=\"wp-block-embed is-type-video is-provider-vimeo wp-block-embed-vimeo wp-embed-aspect-16-9 wp-has-aspect-ratio\"><div class=\"wp-block-embed__wrapper\">\n<div class=\"nv-iframe-embed\"><iframe loading=\"lazy\" src=\"https:\/\/player.vimeo.com\/video\/824126206?dnt=1&amp;app_id=122963\" width=\"1200\" height=\"675\" frameborder=\"0\" allow=\"autoplay; fullscreen; picture-in-picture; clipboard-write; encrypted-media; web-share\" referrerpolicy=\"strict-origin-when-cross-origin\"><\/iframe><\/div>\n<\/div><\/figure>\n\n\n\n<p class=\"has-text-align-right has-medium-font-size\"><strong>TRAILER: Suite Ricercare LIVE<\/strong><\/p>\n\n\n\n<p>Mit Ricercaren, wie sie unterschiedlicher nicht sein k\u00f6nnen, suchen die drei Ausnahmek\u00fcnstler in jedem Winkel nach Klang und Form.<br><br>Allein das Instrumentarium \u00fcberrascht! Wer kennt den Gro\u00dfbasspommer? \u2013 eine Bass Schalmei des 15. Jh. <br>Mit eindrucksvollen, knarzenden Kl\u00e4ngen erz\u00e4hlt Adrian Rovatkay damit aus der \u201eBassnachtigall\u201c von Erwin Schulhoff.<br>Das historische Cello Piccolo wird von Julia Kursawe im Gehen gespielt. Den Tanz instrumental einbeziehend, komponierte sie eigens f\u00fcr diese Produktion zwei Werke \u00e0 la \u201eMusica Ricercata\u201c in memoriam Gy\u00f6rgy Ligeti und das \u201eRicercar al vals lento\u201c.<br>Yui Kawaguchi l\u00e4sst nicht nur die Linien der Ricercare aus dem 16. Jh. in bewegten Formen flie\u00dfen; kurzerhand dreht sie den Spie\u00df um und beide Musiker m\u00fcssen nach ihrer Pfeife tanzen.<br>Aus einfachen Melodien entspringt mithilfe von Diminutionen Verspieltheit und Lebendigkeit; eine Wanderung durch Klangfarben, Bilder und Emotionen, R\u00e4ume und Welten. <br><br>Die Konzertperformance entstand 2022 zeitgleich mit Beginn des Krieges in Europa, was nicht zuletzt die Auswahl und Interpretation der Musik beeinflusste. <br>Ricercare der Renaissance erleben wir wie eine kosmische Draufsicht, sie vermitteln ein Gef\u00fchl von Weite und laden den H\u00f6rer ein, \u00fcber seine eigene Existenz nachzudenken. Zeitgen\u00f6ssische Werke holen uns in ein nahes, emotionales Erleben, lassen Konflikte direkt sp\u00fcrbar werden, erleben Spannungen und&nbsp;Aggression, aber auch Resignation und Ablenkung von der Wirklichkeit. <br>So entsteht ein origineller, in h\u00f6chstem Ma\u00dfe beeindruckender Trialog rund um die Form des Ricercars und deren tiefere Inhalte.&nbsp;<\/p>\n\n\n\n<p class=\"has-text-align-center has-background\" style=\"background-color:#f6f3ed\"><strong>2026<\/strong><br>***<br>23. April &#8211; <strong>abgesagt<\/strong><br>im <a rel=\"noreferrer noopener\" href=\"https:\/\/yenidze-theater.de\/ticketshop?pg=event&amp;eid=138085&amp;edid=491755\" target=\"_blank\">Yenidze Theater<\/a> Dresden <br>***<br>5. Juni &#8211; 19:00<br>Ricercare im Duo<br>mit Adrian Rovatkay (Dulzian, Basspommer) &amp; Julia Kursawe (Barockcello, Cello Piccolo) <br>be kind festival<br>Friedenskapelle Berlin-Neuk\u00f6lln<\/p>\n\n\n\n<p class=\"has-text-align-center has-nv-text-dark-bg-background-color has-background\">K\u00fcnstlerische Leitung, Konzept, Barockcello, Cello Piccolo:&nbsp;<strong>Julia Kursawe&nbsp;<\/strong><br>Choreographie, Tanz:&nbsp;<strong><a rel=\"noreferrer noopener\" href=\"http:\/\/www.mendora.com\/\" target=\"_blank\">Yui Kawaguchi<\/a>&nbsp;<\/strong><br>Gro\u00dfbasspommer, Dulzian: <strong>Adrian Rovatkay<\/strong> <br>Technische Leitung, Licht: Fabian Bleisch <\/p>\n\n\n\n<p class=\"has-text-align-center has-background\" style=\"background-color:#f6f3ed\"><em>Musik<\/em>: J. E. Kindermann (1616 &#8211; 1655), O. de Lassus (um 1530 &#8211; 1594), J. Deprez (um 1450 &#8211; 1521), D. Gabrielli (1651 &#8211; 1690), J. Kursawe (2022), E. Schulhoff (1922), P. Glass (2013), O. Gibbons (1583 &#8211; 1625), D. Ortiz (um 1510 &#8211; um 1570)<\/p>\n\n\n\n<figure class=\"wp-block-embed is-type-video is-provider-vimeo wp-block-embed-vimeo wp-embed-aspect-16-9 wp-has-aspect-ratio\"><div class=\"wp-block-embed__wrapper\">\n<div class=\"nv-iframe-embed\"><iframe loading=\"lazy\" title=\"Suite Ricercare - Trailer\" src=\"https:\/\/player.vimeo.com\/video\/693978679?dnt=1&amp;app_id=122963\" width=\"1200\" height=\"675\" frameborder=\"0\" allow=\"autoplay; fullscreen; picture-in-picture; clipboard-write; encrypted-media; web-share\" referrerpolicy=\"strict-origin-when-cross-origin\"><\/iframe><\/div>\n<\/div><\/figure>\n\n\n\n<p class=\"has-text-align-center has-small-font-size\"><em>Gef\u00f6rdert durch den Musikfonds \/ Neustart Kultur und die Senatsverwaltung f\u00fcr Kultur und Europa&nbsp;(Projektf\u00f6rderung Alte Musik)<\/em><\/p>\n\n\n\n<p class=\"has-text-align-center has-background has-medium-font-size\" style=\"background-color:#f6f3ed\"><strong><a href=\"https:\/\/juliakursawe.de\/index.php\/index-php-works-impuls-der-suite-archiv\/\">Archiv &amp; Presse<\/a><\/strong><\/p>\n","protected":false},"excerpt":{"rendered":"<p>&nbsp; Suite Ricercare TRAILER: Suite Ricercare LIVE Mit Ricercaren, wie sie unterschiedlicher nicht sein k\u00f6nnen, suchen die drei Ausnahmek\u00fcnstler in jedem Winkel nach Klang und Form. Allein das Instrumentarium \u00fcberrascht! Wer kennt den Gro\u00dfbasspommer? \u2013 eine Bass Schalmei des 15. Jh. Mit eindrucksvollen, knarzenden Kl\u00e4ngen erz\u00e4hlt Adrian Rovatkay damit aus der \u201eBassnachtigall\u201c von Erwin Schulhoff.Das&hellip;&nbsp;<a href=\"https:\/\/juliakursawe.de\/index.php\/works\/impuls-der-suite\/suite-ricercare\/\" class=\"\" rel=\"bookmark\">Weiterlesen &raquo;<span class=\"screen-reader-text\">Suite Ricercare<\/span><\/a><\/p>\n","protected":false},"author":1,"featured_media":0,"parent":51,"menu_order":0,"comment_status":"closed","ping_status":"closed","template":"","meta":{"neve_meta_sidebar":"full-width","neve_meta_container":"","neve_meta_enable_content_width":"on","neve_meta_content_width":100,"neve_meta_title_alignment":"","neve_meta_author_avatar":"","neve_post_elements_order":"","neve_meta_disable_header":"","neve_meta_disable_footer":"","neve_meta_disable_title":""},"_links":{"self":[{"href":"https:\/\/juliakursawe.de\/index.php\/wp-json\/wp\/v2\/pages\/2813"}],"collection":[{"href":"https:\/\/juliakursawe.de\/index.php\/wp-json\/wp\/v2\/pages"}],"about":[{"href":"https:\/\/juliakursawe.de\/index.php\/wp-json\/wp\/v2\/types\/page"}],"author":[{"embeddable":true,"href":"https:\/\/juliakursawe.de\/index.php\/wp-json\/wp\/v2\/users\/1"}],"replies":[{"embeddable":true,"href":"https:\/\/juliakursawe.de\/index.php\/wp-json\/wp\/v2\/comments?post=2813"}],"version-history":[{"count":60,"href":"https:\/\/juliakursawe.de\/index.php\/wp-json\/wp\/v2\/pages\/2813\/revisions"}],"predecessor-version":[{"id":4891,"href":"https:\/\/juliakursawe.de\/index.php\/wp-json\/wp\/v2\/pages\/2813\/revisions\/4891"}],"up":[{"embeddable":true,"href":"https:\/\/juliakursawe.de\/index.php\/wp-json\/wp\/v2\/pages\/51"}],"wp:attachment":[{"href":"https:\/\/juliakursawe.de\/index.php\/wp-json\/wp\/v2\/media?parent=2813"}],"curies":[{"name":"wp","href":"https:\/\/api.w.org\/{rel}","templated":true}]}}