{"id":36,"date":"2020-10-11T18:04:55","date_gmt":"2020-10-11T16:04:55","guid":{"rendered":"https:\/\/juliakursawe.de\/?page_id=36"},"modified":"2026-03-24T12:03:52","modified_gmt":"2026-03-24T11:03:52","slug":"ensemble-tres-morillas","status":"publish","type":"page","link":"https:\/\/juliakursawe.de\/index.php\/works\/ensemble-tres-morillas\/","title":{"rendered":"Ensemble Tres Morillas"},"content":{"rendered":"\n<p style=\"text-align: right;\"><a href=\"https:\/\/juliakursawe.de\/index.php\/works\/ensemble-tres-morillas\/ensemble-tres-morillas-espanol\/\"><img loading=\"lazy\" class=\"alignnone wp-image-1905 \" src=\"https:\/\/juliakursawe.de\/wp-content\/uploads\/2020\/10\/espanol.jpg\" alt=\"\" width=\"35\" height=\"23\"><\/a>&nbsp;&nbsp; <a href=\"https:\/\/juliakursawe.de\/index.php\/works\/ensemble-tres-morillas\/ensemble-tres-morillas-english\/\"><img loading=\"lazy\" class=\"alignnone wp-image-1906 \" src=\"https:\/\/juliakursawe.de\/wp-content\/uploads\/2020\/10\/english.jpg\" alt=\"\" width=\"35\" height=\"23\"><\/a><\/p>\n\n\n\n<h2 class=\"has-text-align-center\">Ensemble Tres Morillas<\/h2>\n\n\n\n<figure class=\"wp-block-embed is-type-video is-provider-vimeo wp-block-embed-vimeo wp-embed-aspect-16-9 wp-has-aspect-ratio\"><div class=\"wp-block-embed__wrapper\">\n<div class=\"nv-iframe-embed\"><iframe loading=\"lazy\" title=\"La noche tenebrosa - Trailer\" src=\"https:\/\/player.vimeo.com\/video\/811953195?dnt=1&amp;app_id=122963\" width=\"1200\" height=\"675\" frameborder=\"0\" allow=\"autoplay; fullscreen; picture-in-picture; clipboard-write; encrypted-media; web-share\" referrerpolicy=\"strict-origin-when-cross-origin\"><\/iframe><\/div>\n<\/div><\/figure>\n\n\n\n<p class=\"has-background\" style=\"background-color:#ffffff\">Das Ensemble Tres Morillas wurde 2016 gegr\u00fcndet und benannte sich nach dem ber\u00fchmten Lied \u201eTres Morillas m\u2018enamoran\u201c aus der Sammlung Cancionero de Palacio (15.\/16.Jh). Darin wird anschaulich die convivencia der Religionen und Kulturen im mittelalterlichen Spanien beschrieben. Und so ist es ein Anliegen des Ensembles, diese Vielfalt k\u00fcnstlerisch erklingen zu lassen. <br>Den historischen \u00dcberlieferungen folgend, mit reich verzierten Melodien, leicht schwebend, orientalisch, sephardisch, t\u00e4nzerisch oder feurig l\u00e4sst das Ensemble in 5 unterschiedlichen Sprachen die Lieder mit ihren Erz\u00e4hlungen wieder lebendig werden. <\/p>\n\n\n\n<p class=\"has-text-align-center has-background\" style=\"background-color:#f6f3ed\">Sopran, Kastagnetten &amp; Tamburin: June Telletxea\u00a0<br>Lauten &amp; Gitarren: Max Hattwich \/ Charlie Zhang<br>Barockcello &amp; Cello Piccolo: Julia Kursawe\u00a0<\/p>\n\n\n\n<p class=\"has-background\" style=\"background-color:#ffffff\"><em><strong>Programme:<\/strong><\/em><br><br><a href=\"https:\/\/juliakursawe.de\/index.php\/la-maladeta\/\"><strong>La Maladeta &#8211; 3308 m<\/strong> &#8211; Ein musikalischer Rundblick von den Pyren\u00e4en<\/a><br><br><a href=\"https:\/\/juliakursawe.de\/index.php\/works-ensemble-tres-morillas-navarra\/\"><strong>Navarra<\/strong> -Traditionelle &amp; h\u00f6fische Musik des 16. &amp; 17. Jh im K\u00f6nigreich Navarra<\/a><br><br><a href=\"https:\/\/juliakursawe.de\/index.php\/works\/ensemble-tres-morillas\/tonos-humanos\/\"><strong>Tonos Humanos<\/strong> &#8211; Weltliche Lieder der Iberischen Halbinsel im 17. Jh<\/a><br><br><a href=\"https:\/\/juliakursawe.de\/index.php\/works\/ensemble-tres-morillas\/ay-que-si\/\"><strong>\u00a1Ay que s\u00ed, Ay que no! <\/strong>&#8211; Alte und traditionelle Musik aus Spanien<\/a><br><br><a href=\"https:\/\/juliakursawe.de\/index.php\/riu-riu-chiu\/\"><strong>R\u00edu R\u00edu Ch\u00edu<\/strong> &#8211; Weihnachtliche und Alte Musik aus Spanien <\/a><br><\/p>\n\n\n\n<p class=\"has-text-align-center has-background\" style=\"background-color:#f6f3ed\"><strong>2026<\/strong><br>&#8222;<strong>From Oud to Lute<\/strong>&#8222;<br><strong>Ensemble&nbsp;<a href=\"https:\/\/juliakursawe.de\/index.php\/works\/ensemble-tres-morillas\/\">Tres Morillas<\/a><\/strong>&nbsp;<strong>&amp; Arabic Music Institute Berlin<\/strong><br><strong>28. Juni &#8211; Musikinstrumenten-Museum Berlin<br>5. Juli &#8211; Theater Expedition Metropolis<br>5. September &#8211; Marienkriche Berlin-Mitte<\/strong><\/p>\n\n\n\n<p class=\"has-text-align-center has-small-font-size\"><em>Das Ensemble Tres Morillas erhielt F\u00f6rderung von der Senatsverwaltung f\u00fcr Kultur und Europa (Projektf\u00f6rderung Alte Musik + Wiederaufnahmef\u00f6rderung) und vom Bezirkskulturfonds Berlin Steglitz Zehlendorf<\/em>.<em> Es arbeitete in Kooperation mit dem Kulturb\u00fcro Elisabeth und der Ev. Dorfkirche Blankenfelde Berlin-Pankow.<\/em><\/p>\n\n\n\n<p class=\"has-text-align-center has-background has-medium-font-size\" style=\"background-color:#f6f3ed\"><a href=\"https:\/\/juliakursawe.de\/index.php\/works\/ensemble-tres-morillas\/tres-morillas-archiv\/\"><strong>Archiv<\/strong><\/a><\/p>\n","protected":false},"excerpt":{"rendered":"<p>&nbsp;&nbsp; Ensemble Tres Morillas Das Ensemble Tres Morillas wurde 2016 gegr\u00fcndet und benannte sich nach dem ber\u00fchmten Lied \u201eTres Morillas m\u2018enamoran\u201c aus der Sammlung Cancionero de Palacio (15.\/16.Jh). Darin wird anschaulich die convivencia der Religionen und Kulturen im mittelalterlichen Spanien beschrieben. Und so ist es ein Anliegen des Ensembles, diese Vielfalt k\u00fcnstlerisch erklingen zu lassen.&hellip;&nbsp;<a href=\"https:\/\/juliakursawe.de\/index.php\/works\/ensemble-tres-morillas\/\" class=\"\" rel=\"bookmark\">Weiterlesen &raquo;<span class=\"screen-reader-text\">Ensemble Tres Morillas<\/span><\/a><\/p>\n","protected":false},"author":1,"featured_media":0,"parent":30,"menu_order":2,"comment_status":"closed","ping_status":"closed","template":"","meta":{"neve_meta_sidebar":"","neve_meta_container":"","neve_meta_enable_content_width":"","neve_meta_content_width":0,"neve_meta_title_alignment":"","neve_meta_author_avatar":"","neve_post_elements_order":"","neve_meta_disable_header":"","neve_meta_disable_footer":"","neve_meta_disable_title":""},"_links":{"self":[{"href":"https:\/\/juliakursawe.de\/index.php\/wp-json\/wp\/v2\/pages\/36"}],"collection":[{"href":"https:\/\/juliakursawe.de\/index.php\/wp-json\/wp\/v2\/pages"}],"about":[{"href":"https:\/\/juliakursawe.de\/index.php\/wp-json\/wp\/v2\/types\/page"}],"author":[{"embeddable":true,"href":"https:\/\/juliakursawe.de\/index.php\/wp-json\/wp\/v2\/users\/1"}],"replies":[{"embeddable":true,"href":"https:\/\/juliakursawe.de\/index.php\/wp-json\/wp\/v2\/comments?post=36"}],"version-history":[{"count":80,"href":"https:\/\/juliakursawe.de\/index.php\/wp-json\/wp\/v2\/pages\/36\/revisions"}],"predecessor-version":[{"id":4876,"href":"https:\/\/juliakursawe.de\/index.php\/wp-json\/wp\/v2\/pages\/36\/revisions\/4876"}],"up":[{"embeddable":true,"href":"https:\/\/juliakursawe.de\/index.php\/wp-json\/wp\/v2\/pages\/30"}],"wp:attachment":[{"href":"https:\/\/juliakursawe.de\/index.php\/wp-json\/wp\/v2\/media?parent=36"}],"curies":[{"name":"wp","href":"https:\/\/api.w.org\/{rel}","templated":true}]}}