{"id":3849,"date":"2024-05-09T11:14:09","date_gmt":"2024-05-09T09:14:09","guid":{"rendered":"https:\/\/juliakursawe.de\/?page_id=3849"},"modified":"2024-05-09T11:27:54","modified_gmt":"2024-05-09T09:27:54","slug":"dialog-in-d-von-orgel-barockcello","status":"publish","type":"page","link":"https:\/\/juliakursawe.de\/index.php\/works\/baroque-e-motion\/dialog-in-d-von-orgel-barockcello\/","title":{"rendered":"Dialog in D von Orgel &#038; Barockcello"},"content":{"rendered":"\n<div class=\"wp-block-columns\">\n<div class=\"wp-block-column\">\n<p><img loading=\"lazy\" width=\"941\" height=\"1333\" class=\"wp-image-3848\" style=\"width: 285px;\" src=\"https:\/\/juliakursawe.de\/wp-content\/uploads\/2024\/05\/Ro\u0301za-Julia-b-e-m.png\" alt=\"\" srcset=\"https:\/\/juliakursawe.de\/wp-content\/uploads\/2024\/05\/Ro\u0301za-Julia-b-e-m.png 941w, https:\/\/juliakursawe.de\/wp-content\/uploads\/2024\/05\/Ro\u0301za-Julia-b-e-m-212x300.png 212w, https:\/\/juliakursawe.de\/wp-content\/uploads\/2024\/05\/Ro\u0301za-Julia-b-e-m-723x1024.png 723w, https:\/\/juliakursawe.de\/wp-content\/uploads\/2024\/05\/Ro\u0301za-Julia-b-e-m-768x1088.png 768w, https:\/\/juliakursawe.de\/wp-content\/uploads\/2024\/05\/Ro\u0301za-Julia-b-e-m-500x708.png 500w, https:\/\/juliakursawe.de\/wp-content\/uploads\/2024\/05\/Ro\u0301za-Julia-b-e-m-800x1133.png 800w\" sizes=\"(max-width: 941px) 100vw, 941px\" \/><\/p>\n<\/div>\n\n\n\n<div class=\"wp-block-column\">\n<p class=\"has-text-align-right\">Ein Dialog im wahrsten Sinne des Wortes! <br>F\u00fcr die Cellosuite in d-moll von Johann Sebastian Bach nutzen  beide Musikerinnen die verschiedenen Faksimile f\u00fcr Cello solo  und die Adaptation f\u00fcr Cembalo von Prof. Ludger R\u00e9my von 2012. So treten sie in einen intensiven Dialog, der gerahmt ist mit  Werken von oder in Bezug zu J. S. Bach. <br><br>Programm: <br>Johann Pachelbel (1653 &#8211; 1706) Choralvorspiel &#8222;Christ lag in Todesbanden&#8220; in d-moll<br>Georg Philipp Telemann (1681 &#8211; 1767) Cellosonate in D-Dur<br>Johann Sebastian Bach (1685 &#8211; 1750) Toccata in d-moll, BWV 913 <br>Johann Sebastian Bach Cellosuite Nr. 2 in d-moll <br>Francesco Geminiani (1687 &#8211; 1762) Cellosonate in d-moll <br>Johann Pachelbel Choralvorspiel &#8222;Eine feste Burg ist unser Gott&#8220; in D-Dur<br><\/p>\n<\/div>\n<\/div>\n\n\n\n<p class=\"has-text-align-center has-background\" style=\"background-color:#f6f3ed\">Orgel: R\u00f3za Bene <br>Barockcello: Julia Kursawe<\/p>\n","protected":false},"excerpt":{"rendered":"<p>Ein Dialog im wahrsten Sinne des Wortes! F\u00fcr die Cellosuite in d-moll von Johann Sebastian Bach nutzen beide Musikerinnen die verschiedenen Faksimile f\u00fcr Cello solo und die Adaptation f\u00fcr Cembalo von Prof. Ludger R\u00e9my von 2012. So treten sie in einen intensiven Dialog, der gerahmt ist mit Werken von oder in Bezug zu J. S.&hellip;&nbsp;<a href=\"https:\/\/juliakursawe.de\/index.php\/works\/baroque-e-motion\/dialog-in-d-von-orgel-barockcello\/\" class=\"\" rel=\"bookmark\">Weiterlesen &raquo;<span class=\"screen-reader-text\">Dialog in D von Orgel &#038; Barockcello<\/span><\/a><\/p>\n","protected":false},"author":1,"featured_media":0,"parent":90,"menu_order":0,"comment_status":"closed","ping_status":"closed","template":"","meta":{"neve_meta_sidebar":"full-width","neve_meta_container":"","neve_meta_enable_content_width":"on","neve_meta_content_width":100,"neve_meta_title_alignment":"","neve_meta_author_avatar":"","neve_post_elements_order":"","neve_meta_disable_header":"","neve_meta_disable_footer":"","neve_meta_disable_title":""},"_links":{"self":[{"href":"https:\/\/juliakursawe.de\/index.php\/wp-json\/wp\/v2\/pages\/3849"}],"collection":[{"href":"https:\/\/juliakursawe.de\/index.php\/wp-json\/wp\/v2\/pages"}],"about":[{"href":"https:\/\/juliakursawe.de\/index.php\/wp-json\/wp\/v2\/types\/page"}],"author":[{"embeddable":true,"href":"https:\/\/juliakursawe.de\/index.php\/wp-json\/wp\/v2\/users\/1"}],"replies":[{"embeddable":true,"href":"https:\/\/juliakursawe.de\/index.php\/wp-json\/wp\/v2\/comments?post=3849"}],"version-history":[{"count":3,"href":"https:\/\/juliakursawe.de\/index.php\/wp-json\/wp\/v2\/pages\/3849\/revisions"}],"predecessor-version":[{"id":3860,"href":"https:\/\/juliakursawe.de\/index.php\/wp-json\/wp\/v2\/pages\/3849\/revisions\/3860"}],"up":[{"embeddable":true,"href":"https:\/\/juliakursawe.de\/index.php\/wp-json\/wp\/v2\/pages\/90"}],"wp:attachment":[{"href":"https:\/\/juliakursawe.de\/index.php\/wp-json\/wp\/v2\/media?parent=3849"}],"curies":[{"name":"wp","href":"https:\/\/api.w.org\/{rel}","templated":true}]}}