{"id":40,"date":"2020-10-11T18:07:42","date_gmt":"2020-10-11T16:07:42","guid":{"rendered":"https:\/\/juliakursawe.de\/?page_id=40"},"modified":"2026-03-24T12:04:10","modified_gmt":"2026-03-24T11:04:10","slug":"ensemble-tres-morillas-espanol","status":"publish","type":"page","link":"https:\/\/juliakursawe.de\/index.php\/works\/ensemble-tres-morillas\/ensemble-tres-morillas-espanol\/","title":{"rendered":"Ensemble Tres Morillas espanol"},"content":{"rendered":"\n<p style=\"text-align: right;\"><a href=\"https:\/\/juliakursawe.de\/index.php\/works\/ensemble-tres-morillas\/ensemble-tres-morillas-english\/\"><img loading=\"lazy\" class=\"alignnone wp-image-1906 \" src=\"https:\/\/juliakursawe.de\/wp-content\/uploads\/2020\/10\/english.jpg\" alt=\"\" width=\"35\" height=\"23\"><\/a>&nbsp;&nbsp; <a href=\"https:\/\/juliakursawe.de\/index.php\/works\/ensemble-tres-morillas\/\"><img loading=\"lazy\" class=\"alignnone wp-image-1913 \" src=\"https:\/\/juliakursawe.de\/wp-content\/uploads\/2020\/10\/deutsch.jpg\" alt=\"\" width=\"35\" height=\"24\"><\/a><\/p>\n\n\n\n<h2 class=\"has-text-align-center\">Ensemble Tres Morillas<\/h2>\n\n\n\n<figure class=\"wp-block-embed is-type-video is-provider-vimeo wp-block-embed-vimeo wp-embed-aspect-16-9 wp-has-aspect-ratio\"><div class=\"wp-block-embed__wrapper\">\n<div class=\"nv-iframe-embed\"><iframe loading=\"lazy\" title=\"La noche tenebrosa - Trailer\" src=\"https:\/\/player.vimeo.com\/video\/811953195?dnt=1&amp;app_id=122963\" width=\"1200\" height=\"675\" frameborder=\"0\" allow=\"autoplay; fullscreen; picture-in-picture; clipboard-write; encrypted-media; web-share\" referrerpolicy=\"strict-origin-when-cross-origin\"><\/iframe><\/div>\n<\/div><\/figure>\n\n\n\n<p class=\"has-background\" style=\"background-color:#ffffff\">El Ensemble Tres Morillas fue fundado en 2016 y lleva el nombre de la famosa canci\u00f3n \u201cTres Morillas m\u2018enamoran\u201d de la colecci\u00f3n del Cancionero de Palacio (siglos XV \/ XVI). Describe v\u00edvidamente la convivencia de religiones y culturas en la Espa\u00f1a medieval. Por eso, es una preocupaci\u00f3n del conjunto hacer que esta diversidad suene art\u00edsticamente. Siguiendo las tradiciones hist\u00f3ricas, con melod\u00edas ricamente ornamentadas, ligeramente flotantes, orientales, sefard\u00edes, bailables o fogosas, el conjunto revive las canciones y sus historias en 5 idiomas diferentes.<\/p>\n\n\n\n<p class=\"has-text-align-center has-background\" style=\"background-color:#f6f3ed\">soprano, casta\u00f1uelas y pandereta: June Telletxea\u00a0<br>la\u00fad y guitarra: Max Hattwich \/ Charlie Zhang<br>violonchelo barocco y violonchelo piccolo: Julia Kursawe\u00a0<\/p>\n\n\n\n<p class=\"has-background\" style=\"background-color:#ffffff\"><em><strong>programa:<\/strong><\/em><br><br><a href=\"https:\/\/juliakursawe.de\/index.php\/la-maladeta\/\">La Maladeta &#8211; 3308 m<\/a><br><br><a href=\"https:\/\/juliakursawe.de\/index.php\/works-ensemble-tres-morillas-navarra\/\">Navarra<\/a><br><br><a href=\"https:\/\/juliakursawe.de\/index.php\/works\/ensemble-tres-morillas\/tonos-humanos\/\">Tonos Humanos<\/a><br><br><a href=\"https:\/\/juliakursawe.de\/index.php\/works\/ensemble-tres-morillas\/ay-que-si\/ay-que-si-espanol\/\">\u00a1Ay que s\u00ed, Ay que no!<\/a><br><br><a href=\"https:\/\/juliakursawe.de\/index.php\/riu-riu-chiu\/\">R\u00edu R\u00edu Ch\u00edu<\/a><\/p>\n\n\n\n<p class=\"has-text-align-center has-background\" style=\"background-color:#f6f3ed\"><strong><strong><strong>2026<\/strong><br>&#8222;<strong>From Oud to Lute<\/strong>&#8222;<br><strong>Ensemble&nbsp;<a href=\"https:\/\/juliakursawe.de\/index.php\/works\/ensemble-tres-morillas\/\">Tres Morillas<\/a><\/strong>&nbsp;<strong>&amp; Arabic Music Institute Berlin<\/strong><br><strong>28. Juni &#8211; Musikinstrumenten-Museum Berlin<br>5. Juli &#8211; Theater Expedition Metropolis<br>5. September &#8211; Marienkriche Berlin-Mitte<\/strong><\/strong><\/strong><\/p>\n\n\n\n<p class=\"has-text-align-center has-small-font-size\"><em>Das Ensemble Tres Morillas erhielt F\u00f6rderung von der Senatsverwaltung f\u00fcr Kultur und Europa (Projektf\u00f6rderung Alte Musik + Wiederaufnahmef\u00f6rderung) und vom Bezirkskulturfonds Berlin Steglitz Zehlendorf<\/em>.<em> Es arbeitete in Kooperation mit dem Kulturb\u00fcro Elisabeth und der Ev. Dorfkirche Blankenfelde Berlin-Pankow.<\/em><\/p>\n\n\n\n<p class=\"has-text-align-center has-neve-link-color-color has-text-color has-background has-medium-font-size\" style=\"background-color:#f6f3ed\"><a href=\"https:\/\/juliakursawe.de\/index.php\/works\/ensemble-tres-morillas\/tres-morillas-archiv\/\"><strong>archivo<\/strong><\/a><\/p>\n","protected":false},"excerpt":{"rendered":"<p>&nbsp;&nbsp; Ensemble Tres Morillas El Ensemble Tres Morillas fue fundado en 2016 y lleva el nombre de la famosa canci\u00f3n \u201cTres Morillas m\u2018enamoran\u201d de la colecci\u00f3n del Cancionero de Palacio (siglos XV \/ XVI). Describe v\u00edvidamente la convivencia de religiones y culturas en la Espa\u00f1a medieval. Por eso, es una preocupaci\u00f3n del conjunto hacer que&hellip;&nbsp;<a href=\"https:\/\/juliakursawe.de\/index.php\/works\/ensemble-tres-morillas\/ensemble-tres-morillas-espanol\/\" class=\"\" rel=\"bookmark\">Weiterlesen &raquo;<span class=\"screen-reader-text\">Ensemble Tres Morillas espanol<\/span><\/a><\/p>\n","protected":false},"author":1,"featured_media":0,"parent":36,"menu_order":0,"comment_status":"closed","ping_status":"closed","template":"","meta":{"neve_meta_sidebar":"","neve_meta_container":"","neve_meta_enable_content_width":"","neve_meta_content_width":0,"neve_meta_title_alignment":"","neve_meta_author_avatar":"","neve_post_elements_order":"","neve_meta_disable_header":"","neve_meta_disable_footer":"","neve_meta_disable_title":""},"_links":{"self":[{"href":"https:\/\/juliakursawe.de\/index.php\/wp-json\/wp\/v2\/pages\/40"}],"collection":[{"href":"https:\/\/juliakursawe.de\/index.php\/wp-json\/wp\/v2\/pages"}],"about":[{"href":"https:\/\/juliakursawe.de\/index.php\/wp-json\/wp\/v2\/types\/page"}],"author":[{"embeddable":true,"href":"https:\/\/juliakursawe.de\/index.php\/wp-json\/wp\/v2\/users\/1"}],"replies":[{"embeddable":true,"href":"https:\/\/juliakursawe.de\/index.php\/wp-json\/wp\/v2\/comments?post=40"}],"version-history":[{"count":67,"href":"https:\/\/juliakursawe.de\/index.php\/wp-json\/wp\/v2\/pages\/40\/revisions"}],"predecessor-version":[{"id":4877,"href":"https:\/\/juliakursawe.de\/index.php\/wp-json\/wp\/v2\/pages\/40\/revisions\/4877"}],"up":[{"embeddable":true,"href":"https:\/\/juliakursawe.de\/index.php\/wp-json\/wp\/v2\/pages\/36"}],"wp:attachment":[{"href":"https:\/\/juliakursawe.de\/index.php\/wp-json\/wp\/v2\/media?parent=40"}],"curies":[{"name":"wp","href":"https:\/\/api.w.org\/{rel}","templated":true}]}}