{"id":464,"date":"2020-10-16T10:06:30","date_gmt":"2020-10-16T08:06:30","guid":{"rendered":"https:\/\/juliakursawe.de\/?page_id=464"},"modified":"2025-04-02T15:31:41","modified_gmt":"2025-04-02T13:31:41","slug":"tonos-humanos","status":"publish","type":"page","link":"https:\/\/juliakursawe.de\/index.php\/works\/ensemble-tres-morillas\/tonos-humanos\/","title":{"rendered":"Tonos Humanos"},"content":{"rendered":"\n<figure class=\"wp-block-embed is-type-video is-provider-vimeo wp-block-embed-vimeo wp-embed-aspect-16-9 wp-has-aspect-ratio\"><div class=\"wp-block-embed__wrapper\">\n<div class=\"nv-iframe-embed\"><iframe loading=\"lazy\" title=\"Tonos Humanos - Trailer\" src=\"https:\/\/player.vimeo.com\/video\/434053384?dnt=1&amp;app_id=122963\" width=\"1200\" height=\"675\" frameborder=\"0\" allow=\"autoplay; fullscreen; picture-in-picture; clipboard-write; encrypted-media\"><\/iframe><\/div>\n<\/div><\/figure>\n\n\n\n<h2 class=\"has-text-align-center\">Tonos Humanos<\/h2>\n\n\n\n<p class=\"has-text-align-center\"><strong>Weltliche Lieder der Iberischen Halbinsel im 17. Jh<\/strong><\/p>\n\n\n\n<p>Wir begeben uns in der Zeit ca. 400 Jahre zur\u00fcck, auf die Iberische Halbinsel, ein Ort mit vielf\u00e4ltigen Einfl\u00fcssen. Auf diesem geschichtstr\u00e4chtigen Boden entwickelte sich eine&nbsp; eigenwillige und facettenreiche Kultur und malt ein musikalisches Bild voller Farben. <br>Tonos Humanos, Lieder aus Sammlungen f\u00fcr Vihuela, Folias, J\u00e1caras und traditionelle Ges\u00e4nge erz\u00e4hlen von der Liebe und ihren traurigen wie heiteren Umst\u00e4nden, von K\u00e4mpfen zwischen Mauren und Christen, sowie der Vertreibung der Juden; es finden sich aber auch Oden auf die Freiheit und die Sch\u00f6nheit der Natur.&nbsp;<br>\u201eTonos Humanos\u201c bedeutet \u201eWeltliche Lieder\u201c, w\u00f6rtlich \u00fcbersetzt \u201eMenschliche T\u00f6ne\u201c. So wurden diese Liedersammlungen genannt, um sie von der Liturgischen Musik zu unterscheiden.&nbsp;<\/p>\n\n\n\n<p class=\"has-background\" style=\"background-color:#f6f3ed\">Werke von: Juan Hidalgo, Gaspar Sanz, Jos\u00e9 Mar\u00edn, Domenico Gabrielli, Sebasti\u00e1n Dur\u00f3n, Juan del Vado, Rafael Antonio Castellanos, Sefardische Lieder und Lieder aus der Sammlung Cancionero de Palacio <\/p>\n","protected":false},"excerpt":{"rendered":"<p>Tonos Humanos Weltliche Lieder der Iberischen Halbinsel im 17. Jh Wir begeben uns in der Zeit ca. 400 Jahre zur\u00fcck, auf die Iberische Halbinsel, ein Ort mit vielf\u00e4ltigen Einfl\u00fcssen. Auf diesem geschichtstr\u00e4chtigen Boden entwickelte sich eine&nbsp; eigenwillige und facettenreiche Kultur und malt ein musikalisches Bild voller Farben. Tonos Humanos, Lieder aus Sammlungen f\u00fcr Vihuela, Folias,&hellip;&nbsp;<a href=\"https:\/\/juliakursawe.de\/index.php\/works\/ensemble-tres-morillas\/tonos-humanos\/\" class=\"\" rel=\"bookmark\">Weiterlesen &raquo;<span class=\"screen-reader-text\">Tonos Humanos<\/span><\/a><\/p>\n","protected":false},"author":1,"featured_media":0,"parent":36,"menu_order":0,"comment_status":"closed","ping_status":"closed","template":"","meta":{"neve_meta_sidebar":"full-width","neve_meta_container":"","neve_meta_enable_content_width":"on","neve_meta_content_width":100,"neve_meta_title_alignment":"","neve_meta_author_avatar":"","neve_post_elements_order":"","neve_meta_disable_header":"","neve_meta_disable_footer":"","neve_meta_disable_title":""},"_links":{"self":[{"href":"https:\/\/juliakursawe.de\/index.php\/wp-json\/wp\/v2\/pages\/464"}],"collection":[{"href":"https:\/\/juliakursawe.de\/index.php\/wp-json\/wp\/v2\/pages"}],"about":[{"href":"https:\/\/juliakursawe.de\/index.php\/wp-json\/wp\/v2\/types\/page"}],"author":[{"embeddable":true,"href":"https:\/\/juliakursawe.de\/index.php\/wp-json\/wp\/v2\/users\/1"}],"replies":[{"embeddable":true,"href":"https:\/\/juliakursawe.de\/index.php\/wp-json\/wp\/v2\/comments?post=464"}],"version-history":[{"count":6,"href":"https:\/\/juliakursawe.de\/index.php\/wp-json\/wp\/v2\/pages\/464\/revisions"}],"predecessor-version":[{"id":4522,"href":"https:\/\/juliakursawe.de\/index.php\/wp-json\/wp\/v2\/pages\/464\/revisions\/4522"}],"up":[{"embeddable":true,"href":"https:\/\/juliakursawe.de\/index.php\/wp-json\/wp\/v2\/pages\/36"}],"wp:attachment":[{"href":"https:\/\/juliakursawe.de\/index.php\/wp-json\/wp\/v2\/media?parent=464"}],"curies":[{"name":"wp","href":"https:\/\/api.w.org\/{rel}","templated":true}]}}