{"id":49,"date":"2020-10-11T18:29:38","date_gmt":"2020-10-11T16:29:38","guid":{"rendered":"https:\/\/juliakursawe.de\/?page_id=49"},"modified":"2025-04-02T15:29:18","modified_gmt":"2025-04-02T13:29:18","slug":"riu-riu-chiu","status":"publish","type":"page","link":"https:\/\/juliakursawe.de\/index.php\/works\/ensemble-tres-morillas\/riu-riu-chiu\/","title":{"rendered":"Riu Riu Chiu"},"content":{"rendered":"\n<figure class=\"wp-block-image\"><img src=\"https:\/\/juliakursawe.de\/wp-content\/uploads\/2020\/10\/Logo-Tres-Morillas.jpg\" alt=\"\" class=\"wp-image-1535\"\/><\/figure>\n\n\n\n<h2 class=\"has-text-align-center\">R\u00edu R\u00edu Ch\u00edu <\/h2>\n\n\n\n<h5 class=\"has-text-align-center\">Weihnachtliche und Alte Musik aus Spanien <\/h5>\n\n\n\n<p class=\"has-background\" style=\"background-color:#ffffff\">Dieses schwungvoll t\u00e4nzerische Programm erhielt seinen Namen von dem uralten spanischen Weihnachtslied R\u00edu R\u00edu Ch\u00edu. Es vereint Vokal- und Instrumentalmusik aus Renaissance und Barock.<br>Die Lieder stammen aus schriftlicher und m\u00fcndlicher \u00dcberlieferung, historischen Sammlungen oder sind Volkslieder. Habaneras wechseln mit J\u00e0caras, lustigen Zwischenspielen im Theater ab. <\/p>\n","protected":false},"excerpt":{"rendered":"<p>R\u00edu R\u00edu Ch\u00edu Weihnachtliche und Alte Musik aus Spanien Dieses schwungvoll t\u00e4nzerische Programm erhielt seinen Namen von dem uralten spanischen Weihnachtslied R\u00edu R\u00edu Ch\u00edu. Es vereint Vokal- und Instrumentalmusik aus Renaissance und Barock.Die Lieder stammen aus schriftlicher und m\u00fcndlicher \u00dcberlieferung, historischen Sammlungen oder sind Volkslieder. Habaneras wechseln mit J\u00e0caras, lustigen Zwischenspielen im Theater ab.<\/p>\n","protected":false},"author":1,"featured_media":0,"parent":36,"menu_order":0,"comment_status":"closed","ping_status":"closed","template":"","meta":{"neve_meta_sidebar":"","neve_meta_container":"","neve_meta_enable_content_width":"","neve_meta_content_width":0,"neve_meta_title_alignment":"","neve_meta_author_avatar":"","neve_post_elements_order":"","neve_meta_disable_header":"","neve_meta_disable_footer":"","neve_meta_disable_title":""},"_links":{"self":[{"href":"https:\/\/juliakursawe.de\/index.php\/wp-json\/wp\/v2\/pages\/49"}],"collection":[{"href":"https:\/\/juliakursawe.de\/index.php\/wp-json\/wp\/v2\/pages"}],"about":[{"href":"https:\/\/juliakursawe.de\/index.php\/wp-json\/wp\/v2\/types\/page"}],"author":[{"embeddable":true,"href":"https:\/\/juliakursawe.de\/index.php\/wp-json\/wp\/v2\/users\/1"}],"replies":[{"embeddable":true,"href":"https:\/\/juliakursawe.de\/index.php\/wp-json\/wp\/v2\/comments?post=49"}],"version-history":[{"count":9,"href":"https:\/\/juliakursawe.de\/index.php\/wp-json\/wp\/v2\/pages\/49\/revisions"}],"predecessor-version":[{"id":4514,"href":"https:\/\/juliakursawe.de\/index.php\/wp-json\/wp\/v2\/pages\/49\/revisions\/4514"}],"up":[{"embeddable":true,"href":"https:\/\/juliakursawe.de\/index.php\/wp-json\/wp\/v2\/pages\/36"}],"wp:attachment":[{"href":"https:\/\/juliakursawe.de\/index.php\/wp-json\/wp\/v2\/media?parent=49"}],"curies":[{"name":"wp","href":"https:\/\/api.w.org\/{rel}","templated":true}]}}