{"id":51,"date":"2020-10-11T18:34:58","date_gmt":"2020-10-11T16:34:58","guid":{"rendered":"https:\/\/juliakursawe.de\/?page_id=51"},"modified":"2026-04-09T18:23:44","modified_gmt":"2026-04-09T16:23:44","slug":"impuls-der-suite","status":"publish","type":"page","link":"https:\/\/juliakursawe.de\/index.php\/works\/impuls-der-suite\/","title":{"rendered":"ImPuls der Suite"},"content":{"rendered":"\n<figure class=\"wp-block-image alignfull\"><img src=\"https:\/\/juliakursawe.de\/wp-content\/uploads\/2020\/10\/ImPuls.jpg\" alt=\"\" class=\"wp-image-610\"\/><\/figure>\n\n\n\n<div class=\"wp-block-columns alignwide has-4-columns\">\n<div class=\"wp-block-column\">\n<p><a href=\"https:\/\/juliakursawe.de\/index.php\/works\/impuls-der-suite\/Flos-Vanus\/\"><img loading=\"lazy\" class=\"alignnone wp-image-620 size-full\" src=\"https:\/\/juliakursawe.de\/wp-content\/uploads\/2025\/08\/Flos-vanus-Adabana.jpg\" alt=\"\" width=\"500\" height=\"602\"><\/a><\/p>\n<\/div>\n\n\n\n<div class=\"wp-block-column\">\n<p><a href=\"https:\/\/juliakursawe.de\/index.php\/works\/impuls-der-suite\/suite-ricercare\/\"><img loading=\"lazy\" class=\"alignnone wp-image-3476 size-full\" src=\"https:\/\/juliakursawe.de\/wp-content\/uploads\/2023\/05\/ricercare.jpg\" alt=\"\" width=\"500\" height=\"602\"><\/a><\/p>\n<\/div>\n\n\n\n<div class=\"wp-block-column\">\n<p><a href=\"https:\/\/juliakursawe.de\/index.php\/works\/impuls-der-suite\/suite-cubic\/\"><img loading=\"lazy\" class=\"alignnone wp-image-3476 size-full\" src=\"https:\/\/juliakursawe.de\/wp-content\/uploads\/2021\/01\/Suite-Cubic-Works-2.jpg\" alt=\"\" width=\"500\" height=\"602\"><\/a><\/p>\n<\/div>\n\n\n\n<div class=\"wp-block-column\">\n<p><a href=\"https:\/\/juliakursawe.de\/index.php\/works\/impuls-der-suite\/suite-minimale\/\"><img loading=\"lazy\" class=\"alignnone size-full wp-image-1584\" src=\"https:\/\/juliakursawe.de\/wp-content\/uploads\/2020\/10\/minimale.jpg\" alt=\"\" width=\"500\" height=\"602\"><\/a><\/p>\n<\/div>\n\n\n\n<div class=\"wp-block-column\">\n<p><a href=\"https:\/\/juliakursawe.de\/index.php\/works\/impuls-der-suite\/suite-transkription\/\"><img loading=\"lazy\" class=\"alignnone size-full wp-image-978\" src=\"https:\/\/juliakursawe.de\/wp-content\/uploads\/2020\/10\/trans-neu.jpg\" alt=\"\" width=\"500\" height=\"602\"><\/a><\/p>\n<\/div>\n\n\n\n<div class=\"wp-block-column\">\n<p><a href=\"https:\/\/juliakursawe.de\/index.php\/works\/impuls-der-suite\/suite-fuer-cello-und-reifrock\/\"><img loading=\"lazy\" class=\"alignnone wp-image-620 size-full\" src=\"https:\/\/juliakursawe.de\/wp-content\/uploads\/2020\/10\/suite-reifrock.jpg\" alt=\"\" width=\"500\" height=\"602\"><\/a><\/p>\n<\/div>\n<\/div>\n\n\n\n<p class=\"has-text-align-center has-background has-normal-font-size\" style=\"background-color:#f6f3ed\"><strong>2026<br>&#8230;<br><\/strong>23. April &#8211; <strong>abgesagt<br><\/strong><a href=\"https:\/\/juliakursawe.de\/index.php\/works\/impuls-der-suite\/suite-ricercare\/\">Suite Ricercare<\/a><strong><br><\/strong><a rel=\"noreferrer noopener\" href=\"https:\/\/yenidze-theater.de\/ticketshop?pg=event&amp;eid=138085&amp;edid=491755\" target=\"_blank\">Yenidze Theater Dresden<\/a><strong><br>&#8230;<\/strong><br><strong>11. Mai <\/strong><br><meta charset=\"utf-8\"><a href=\"https:\/\/juliakursawe.de\/index.php\/works\/impuls-der-suite\/suite-cubic\/\"><strong>SUITE CUBIC &#8211; Bach for baroque cello, beatbox and dance<\/strong><\/a><br><strong>Connecting Centuries \u2013 Das Alte Musik-Festival im Kreis Minden-L\u00fcbbecke<br>Nordrhein-Westfalen<\/strong><br><strong>&#8230;<br><\/strong>5. Juni &#8211; 19:00<br>Ricercare im Duo<br>Adrian Rovatkay (Dulzian, Basspommer) &amp; Julia Kursawe (Barockcello, Cello Piccolo) <br>be kind festival<br>Friedenskapelle Berlin-Neuk\u00f6lln<strong><br>&#8230;<br>14. Juni &#8211; 19:30<br><a href=\"https:\/\/juliakursawe.de\/index.php\/works\/impuls-der-suite\/flos-vanus\/\">Flos Vanus * Adabana<\/a><br>Theater im Dock 11, Kastanienalle 79, 10435 Berlin<br>Tickets:\u00a0<a rel=\"noreferrer noopener\" href=\"https:\/\/soundance-festival.de\/\" target=\"_blank\">soundance festival berlin<\/a><\/strong><\/p>\n\n\n\n<div class=\"wp-block-columns\">\n<div class=\"wp-block-column\">\n<p>ImPuls der Suite ist eine Konzert-Performance-Reihe seit 2015, die historische Instrumente, Alte und Neue Musik, Zeitgen\u00f6ssischen Tanz und andere K\u00fcnste interdisziplin\u00e4r zusammen bringt. Alle Produktionen erfahren ihre erste Inspiration in der Alten Musik und Historischen Auff\u00fchrungspraxis. Ausschlie\u00dflich \u00fcber  konkrete Inhalte entsteht die Verbindung zu den modernen K\u00fcnsten. Es gibt kein zuf\u00e4lliges Crossover!  <br>Die Reihe arbeitet mit ungew\u00f6hnlichen Instrumenten und Besetzungen, z.B. Gro\u00dfbasspommer, Beatboxing oder Virtuelle-Realit\u00e4t-Video. Eigens f\u00fcr die Reihe entstanden Neukompositionen f\u00fcr historische Instrumente, welche auch den Tanz als gleichwertiges Instrument einbeziehen. <\/p>\n<\/div>\n\n\n\n<div class=\"wp-block-column\">\n<p>ImPuls der Suite is a concert performance series since 2015 that combines historical instruments, early and contemporary music, contemporary dance and other arts together in an interdisciplinary manner. All productions find their initial inspiration in early music and historical performance practice. The connection to modern arts is created exclusively through concrete content. There is no such thing as a random crossover!<br>The series works with unusual instruments and instrumentation, e.g. large bass Pommer, beatboxing or virtual reality video. New compositions for historical instruments were created especially for the series, which also include dance as an equal instrument.<\/p>\n<\/div>\n<\/div>\n\n\n\n<p class=\"has-text-align-center has-background\" style=\"background-color:#f6f3ed\"><meta charset=\"utf-8\">K\u00fcnstlerische Leitung, Komposition, historische Celli: <strong>Julia Kursawe<\/strong> <br>Choreographie, Tanz:&nbsp;<strong><a rel=\"noreferrer noopener\" href=\"http:\/\/www.mendora.com\/\" target=\"_blank\">Yui Kawaguchi<\/a>&nbsp;<\/strong><br>Gro\u00dfbasspommer, Dulzian:&nbsp;<strong>Adrian Rovatkay<\/strong><br>Beatboxing, Live Looping:&nbsp;<strong><a rel=\"noreferrer noopener\" href=\"http:\/\/4xsample.de\/\" target=\"_blank\">Daniel Mandolini<\/a><\/strong> <br>Countertenor: <strong><a rel=\"noreferrer noopener\" href=\"https:\/\/www.georgbochow.com\/\" target=\"_blank\">Georg Bochow<\/a> <\/strong><br>Historische Fl\u00f6ten, Barockvioline, Spinetta: <strong><a rel=\"noreferrer noopener\" href=\"https:\/\/annafusek.com\/\" target=\"_blank\">Anna Fusek<\/a><\/strong><br>Choreographie, Tanz:&nbsp;<strong><a rel=\"noreferrer noopener\" href=\"https:\/\/irenecortina.wordpress.com\/\" target=\"_blank\">Irene Cortina Gonz\u00e1lez<\/a>&nbsp;<\/strong><\/p>\n\n\n\n<figure class=\"wp-block-embed is-type-video is-provider-vimeo wp-block-embed-vimeo wp-embed-aspect-16-9 wp-has-aspect-ratio\"><div class=\"wp-block-embed__wrapper\">\n<div class=\"nv-iframe-embed\"><iframe loading=\"lazy\" title=\"Flow my tears - Lachrimae\" src=\"https:\/\/player.vimeo.com\/video\/818240749?dnt=1&amp;app_id=122963\" width=\"1200\" height=\"675\" frameborder=\"0\" allow=\"autoplay; fullscreen; picture-in-picture; clipboard-write; encrypted-media; web-share\" referrerpolicy=\"strict-origin-when-cross-origin\"><\/iframe><\/div>\n<\/div><figcaption><strong><span class=\"has-inline-color has-nv-dark-bg-color\">Ein Virtuelle Realit\u00e4t Musikfilm \u00fcber das Lied &#8222;Flow my tears&#8220; von John Dowland<\/span><\/strong><\/figcaption><\/figure>\n\n\n\n<p class=\"has-text-align-center has-neve-link-color-color has-text-color has-background has-medium-font-size\" style=\"background-color:#f6f3ed\"><a href=\"https:\/\/juliakursawe.de\/index.php\/index-php-works-impuls-der-suite-archiv\/\"><strong>Archiv &amp; Presse<\/strong><\/a><\/p>\n\n\n\n<p class=\"has-text-align-center has-small-font-size\"><em>Das Ensemble ImPuls der Suite erhielt im Rahmen von Neustart Kultur F\u00f6rderung durch die Beauftragte der Bundesregierung f\u00fcr Kultur und Medien, den Musikfonds, den Dachverband Tanz Deutschland, den Deutschen Musikrat und die GVL, sowie weitere produktionsbezogene Projektf\u00f6rderungen.<\/em><\/p>\n\n\n\n<p class=\"has-small-font-size\">Fotos \u00a9 Christian Steinhausen, Andrea Keiz, privat, Keren Chernizon \/ Grafik \u00a9 Mendora<\/p>\n","protected":false},"excerpt":{"rendered":"<p>2026&#8230;23. April &#8211; abgesagtSuite RicercareYenidze Theater Dresden&#8230;11. Mai SUITE CUBIC &#8211; Bach for baroque cello, beatbox and danceConnecting Centuries \u2013 Das Alte Musik-Festival im Kreis Minden-L\u00fcbbeckeNordrhein-Westfalen&#8230;5. Juni &#8211; 19:00Ricercare im DuoAdrian Rovatkay (Dulzian, Basspommer) &amp; Julia Kursawe (Barockcello, Cello Piccolo) be kind festivalFriedenskapelle Berlin-Neuk\u00f6lln&#8230;14. Juni &#8211; 19:30Flos Vanus * AdabanaTheater im Dock 11, Kastanienalle 79,&hellip;&nbsp;<a href=\"https:\/\/juliakursawe.de\/index.php\/works\/impuls-der-suite\/\" class=\"\" rel=\"bookmark\">Weiterlesen &raquo;<span class=\"screen-reader-text\">ImPuls der Suite<\/span><\/a><\/p>\n","protected":false},"author":1,"featured_media":0,"parent":30,"menu_order":1,"comment_status":"closed","ping_status":"closed","template":"","meta":{"neve_meta_sidebar":"","neve_meta_container":"","neve_meta_enable_content_width":"","neve_meta_content_width":0,"neve_meta_title_alignment":"","neve_meta_author_avatar":"","neve_post_elements_order":"","neve_meta_disable_header":"","neve_meta_disable_footer":"","neve_meta_disable_title":""},"_links":{"self":[{"href":"https:\/\/juliakursawe.de\/index.php\/wp-json\/wp\/v2\/pages\/51"}],"collection":[{"href":"https:\/\/juliakursawe.de\/index.php\/wp-json\/wp\/v2\/pages"}],"about":[{"href":"https:\/\/juliakursawe.de\/index.php\/wp-json\/wp\/v2\/types\/page"}],"author":[{"embeddable":true,"href":"https:\/\/juliakursawe.de\/index.php\/wp-json\/wp\/v2\/users\/1"}],"replies":[{"embeddable":true,"href":"https:\/\/juliakursawe.de\/index.php\/wp-json\/wp\/v2\/comments?post=51"}],"version-history":[{"count":93,"href":"https:\/\/juliakursawe.de\/index.php\/wp-json\/wp\/v2\/pages\/51\/revisions"}],"predecessor-version":[{"id":4889,"href":"https:\/\/juliakursawe.de\/index.php\/wp-json\/wp\/v2\/pages\/51\/revisions\/4889"}],"up":[{"embeddable":true,"href":"https:\/\/juliakursawe.de\/index.php\/wp-json\/wp\/v2\/pages\/30"}],"wp:attachment":[{"href":"https:\/\/juliakursawe.de\/index.php\/wp-json\/wp\/v2\/media?parent=51"}],"curies":[{"name":"wp","href":"https:\/\/api.w.org\/{rel}","templated":true}]}}