{"id":58,"date":"2020-10-11T18:38:12","date_gmt":"2020-10-11T16:38:12","guid":{"rendered":"https:\/\/juliakursawe.de\/?page_id=58"},"modified":"2026-02-09T11:43:50","modified_gmt":"2026-02-09T10:43:50","slug":"suite-cubic","status":"publish","type":"page","link":"https:\/\/juliakursawe.de\/index.php\/works\/impuls-der-suite\/suite-cubic\/","title":{"rendered":"Suite Cubic"},"content":{"rendered":"\n<p style=\"text-align: right;\"><a href=\"https:\/\/juliakursawe.de\/index.php\/works\/impuls-der-suite\/suite-cubic\/suite-cubic-esp\/\"><img loading=\"lazy\" class=\"alignnone wp-image-1905 \" src=\"https:\/\/juliakursawe.de\/wp-content\/uploads\/2020\/10\/espanol.jpg\" alt=\"\" width=\"35\" height=\"23\" \/><\/a>  &nbsp; <a href=\"https:\/\/juliakursawe.de\/index.php\/works\/impuls-der-suite\/suite-cubic\/suite-cubic-engl\/\"><img loading=\"lazy\" class=\"alignnone wp-image-1906 \" src=\"https:\/\/juliakursawe.de\/wp-content\/uploads\/2020\/10\/english.jpg\" alt=\"\" width=\"35\" height=\"23\"\/><\/a>\n\n\n\n<p class=\"has-text-align-center has-large-font-size\"><strong>SUITE CUBIC <\/strong><\/p>\n\n\n\n<p class=\"has-text-align-center has-medium-font-size\"><strong>Bach f\u00fcr Barockcello, Beatbox und Tanz<\/strong> <\/p>\n\n\n\n<figure class=\"wp-block-embed is-type-video is-provider-vimeo wp-block-embed-vimeo wp-embed-aspect-16-9 wp-has-aspect-ratio\"><div class=\"wp-block-embed__wrapper\">\n<div class=\"nv-iframe-embed\"><iframe loading=\"lazy\" title=\"SUITE CUBIC - Bach for baroque cello, beatbox and dance\" src=\"https:\/\/player.vimeo.com\/video\/1009926387?dnt=1&amp;app_id=122963\" width=\"1200\" height=\"675\" frameborder=\"0\" allow=\"autoplay; fullscreen; picture-in-picture; clipboard-write; encrypted-media; web-share\" referrerpolicy=\"strict-origin-when-cross-origin\"><\/iframe><\/div>\n<\/div><\/figure>\n\n\n\n<p>Mit dem Grundsatz Musik ist gleich Bewegung, ist gleich Ger\u00e4usch analysieren die 3 K\u00fcnstler Johann Sebastian Bachs ersten beiden Suiten f\u00fcr Cello solo und setzen sie f\u00fcr das ungew\u00f6hnliche Trio Barockcello, Beatbox und Tanz wieder zusammen. Es entsteht ein Werk, welches die unterschiedlichen Kunstformen als gleichwertige Instrumente nutzt und somit Bachs Kl\u00e4nge und Kompositionsstrukturen ganz neu in Erscheinung treten l\u00e4sst. <br>&#8222;Wie w\u00e4re Bach als Performance K\u00fcnstler heute?&#8220; <\/p>\n\n\n\n<p class=\"has-text-align-center has-background\" style=\"background-color:#f6f3ed\"><strong>Mai 2026<\/strong><br><strong>Connecting Centuries \u2013 Das Alte Musik-Festival im Kreis Minden-L\u00fcbbecke<br>Nordrhein-Westfalen<\/strong><\/p>\n\n\n\n<p class=\"has-text-align-center has-nv-site-bg-background-color has-background\">K\u00fcnstlerische Leitung, Konzept: <strong>Julia Kursawe&nbsp;<\/strong><br>Choreographie, Tanz: <strong><a rel=\"noreferrer noopener\" href=\"http:\/\/www.mendora.com\/\" target=\"_blank\">Yui Kawaguchi<\/a>&nbsp;<\/strong><br>Beatboxing, Live Looping: <strong><a rel=\"noreferrer noopener\" href=\"http:\/\/4xsample.de\/\" target=\"_blank\">Daniel Mandolini<\/a> <\/strong><br>Arrangements, Barockcello, Cello Piccolo: <strong><a href=\"https:\/\/juliakursawe.de\/\">Julia Kursawe<\/a>&nbsp;<\/strong><br>Kost\u00fcm: Alice Erika Hoffmann <br>Licht, Technische Leitung: Fabian Bleisch <br>Ton: Jordi Kuragari<\/p>\n\n\n\n<p class=\"has-text-align-center has-background\" style=\"background-color:#f6f3ed\"><em>Musik:&nbsp;Johann Sebastian Bach (1685 Eisenach \u2013 1750 Leipzig)<br>Suite f\u00fcr Violoncello solo in G-Dur und d-moll, BWV 1007 und 1008&nbsp;<br>Pr\u00e9lude \u2013 Allemande \u2013 Courante \u2013 Sarabande \u2013 Menuett 1&nbsp;+ 2 \u2013 Gigue<\/em><\/p>\n\n\n\n<p class=\"has-text-align-center has-small-font-size\"><em><i>Eine Produktion von Julia Kursawe und Yui Kawaguchi | Mendora GbR.<br>Gef\u00f6rdert durch den Bezirkskulturfonds, Fachbereich Kunst, Kultur und Geschichte des Bezirksamts Mitte von Berlin und <\/i>durch die Galerie Tammen. In Kooperation mit Nico and the Navigators. Mit freundlicher Unterst\u00fctzung der Uferstudios Berlin, dem Theaterhaus Berlin Mitte und Heidi Gr\u00f6ger, sowie der Initiative #Freiraum des Konzerthauses Berlin und der Deutschen Orchester-Stiftung.  <br>F\u00fcr die Wiederaufnahme gef\u00f6rdert vom Fonds Darstellende K\u00fcnste aus Mitteln der Beauftragten der Bundesregierung f\u00fcr Kultur und Medien im Rahmen von Neustart Kultur. In Kooperation mit dem Kultur B\u00fcro Elisabeth.<\/em><\/p>\n\n\n\n<p class=\"has-text-align-center has-background has-medium-font-size\" style=\"background-color:#f6f3ed\"><strong><a href=\"https:\/\/juliakursawe.de\/index.php\/index-php-works-impuls-der-suite-archiv\/\">Archiv &amp; Presse <\/a><\/strong><\/p>\n","protected":false},"excerpt":{"rendered":"<p>&nbsp; SUITE CUBIC Bach f\u00fcr Barockcello, Beatbox und Tanz Mit dem Grundsatz Musik ist gleich Bewegung, ist gleich Ger\u00e4usch analysieren die 3 K\u00fcnstler Johann Sebastian Bachs ersten beiden Suiten f\u00fcr Cello solo und setzen sie f\u00fcr das ungew\u00f6hnliche Trio Barockcello, Beatbox und Tanz wieder zusammen. Es entsteht ein Werk, welches die unterschiedlichen Kunstformen als gleichwertige&hellip;&nbsp;<a href=\"https:\/\/juliakursawe.de\/index.php\/works\/impuls-der-suite\/suite-cubic\/\" class=\"\" rel=\"bookmark\">Weiterlesen &raquo;<span class=\"screen-reader-text\">Suite Cubic<\/span><\/a><\/p>\n","protected":false},"author":1,"featured_media":0,"parent":51,"menu_order":1,"comment_status":"closed","ping_status":"closed","template":"","meta":{"neve_meta_sidebar":"","neve_meta_container":"","neve_meta_enable_content_width":"","neve_meta_content_width":0,"neve_meta_title_alignment":"","neve_meta_author_avatar":"","neve_post_elements_order":"","neve_meta_disable_header":"","neve_meta_disable_footer":"","neve_meta_disable_title":""},"_links":{"self":[{"href":"https:\/\/juliakursawe.de\/index.php\/wp-json\/wp\/v2\/pages\/58"}],"collection":[{"href":"https:\/\/juliakursawe.de\/index.php\/wp-json\/wp\/v2\/pages"}],"about":[{"href":"https:\/\/juliakursawe.de\/index.php\/wp-json\/wp\/v2\/types\/page"}],"author":[{"embeddable":true,"href":"https:\/\/juliakursawe.de\/index.php\/wp-json\/wp\/v2\/users\/1"}],"replies":[{"embeddable":true,"href":"https:\/\/juliakursawe.de\/index.php\/wp-json\/wp\/v2\/comments?post=58"}],"version-history":[{"count":136,"href":"https:\/\/juliakursawe.de\/index.php\/wp-json\/wp\/v2\/pages\/58\/revisions"}],"predecessor-version":[{"id":4770,"href":"https:\/\/juliakursawe.de\/index.php\/wp-json\/wp\/v2\/pages\/58\/revisions\/4770"}],"up":[{"embeddable":true,"href":"https:\/\/juliakursawe.de\/index.php\/wp-json\/wp\/v2\/pages\/51"}],"wp:attachment":[{"href":"https:\/\/juliakursawe.de\/index.php\/wp-json\/wp\/v2\/media?parent=58"}],"curies":[{"name":"wp","href":"https:\/\/api.w.org\/{rel}","templated":true}]}}