{"id":78,"date":"2020-10-11T18:53:36","date_gmt":"2020-10-11T16:53:36","guid":{"rendered":"https:\/\/juliakursawe.de\/?page_id=78"},"modified":"2024-05-02T15:51:24","modified_gmt":"2024-05-02T13:51:24","slug":"suite-fuer-cello-und-reifrock","status":"publish","type":"page","link":"https:\/\/juliakursawe.de\/index.php\/works\/impuls-der-suite\/suite-fuer-cello-und-reifrock\/","title":{"rendered":"Suite f\u00fcr Cello und Reifrock"},"content":{"rendered":"\n<p style=\"text-align: right;\"><a href=\"https:\/\/juliakursawe.de\/index.php\/works\/impuls-der-suite\/suite-fuer-cello-und-reifrock\/suite-para-chelo-y-crinolina\/\"><img loading=\"lazy\" class=\"alignnone wp-image-1905 \" src=\"https:\/\/juliakursawe.de\/wp-content\/uploads\/2020\/10\/espanol.jpg\" alt=\"\" width=\"35\" height=\"23\"><\/a>&nbsp;&nbsp; <a href=\"https:\/\/juliakursawe.de\/index.php\/works\/impuls-der-suite\/suite-fuer-cello-und-reifrock\/suite-for-cello-and-crinoline\/\"><img loading=\"lazy\" class=\"alignnone wp-image-1906 \" src=\"https:\/\/juliakursawe.de\/wp-content\/uploads\/2020\/10\/english.jpg\" alt=\"\" width=\"35\" height=\"23\"><\/a><\/p>\n\n\n\n<h2 class=\"has-text-align-center\">Suite f\u00fcr Cello und Reifrock<\/h2>\n\n\n\n<figure class=\"wp-block-embed is-type-video is-provider-vimeo wp-block-embed-vimeo wp-embed-aspect-16-9 wp-has-aspect-ratio\"><div class=\"wp-block-embed__wrapper\">\n<div class=\"nv-iframe-embed\"><iframe loading=\"lazy\" title=\"Suite for Cello and Crinoline (Trailer)\" src=\"https:\/\/player.vimeo.com\/video\/128977982?dnt=1&amp;app_id=122963\" width=\"1200\" height=\"675\" frameborder=\"0\" allow=\"autoplay; fullscreen; picture-in-picture; clipboard-write\"><\/iframe><\/div>\n<\/div><\/figure>\n\n\n\n<h5 class=\"has-text-align-center\">Diese Suite ist ein dramaturgischer Zyklus. <\/h5>\n\n\n\n<h5 class=\"has-text-align-center\">Sie erz\u00e4hlt eine abstrakte Geschichte in sinnlicher Form.<\/h5>\n\n\n\n<p class=\"has-background\" style=\"background-color:#ffffff\">Musik ist Schall, ist Bewegung im Raum, die durch die T\u00e4nzerin sichtbar gemacht wird. <br>Es entsteht eine Komposition, in der beide K\u00fcnstlerinnen dieselbe Geschichte erz\u00e4hlen. <\/p>\n\n\n\n<p class=\"has-background\" style=\"background-color:#ffffff\">Die Geschichte beginnt mit Form, mit h\u00f6fischer F\u00f6rmlichkeit. Die Figur entwickelt sich im Verlauf der Suite \u00fcber die Form hinaus, entdeckt sich, wird eine Pers\u00f6nlichkeit. Aus dem leeren Reifrock wird eine junge Dame, die im Reifrock tanzt, nicht l\u00e4nger von Formalien begrenzt, sondern Formen mit sinnlichem Leben f\u00fcllend.<\/p>\n\n\n\n<p class=\"has-background\" style=\"background-color:#ffffff\">In den Cellosuiten von J.S.Bach findet sich ein typischer dramaturgischer Aufbau, der sich durch die Reihenfolge der St\u00fccke ergibt. Von dieser Idee ausgehend hat Julia Kursawe Tanz- und Charakterst\u00fccke unterschiedlicher Herkunft zu einer Suite zusammengef\u00fcgt. Dabei verwendet sie Kompositionen aus dem Barock und dem 20. Jahrhundert. <\/p>\n\n\n\n<p class=\"has-background\" style=\"background-color:#ffffff\">Julia Kursawe spielt die Suite auf dem Barockcello, Irene Cortina Gonz\u00e1lez tanzt die Suite,  indem sie contemporary dance und barocke Elemente zu einem Neuen verbindet. Die Choreografie ist angelehnt an die Wahrnehmung der Musik als Bewegung, ein Ausdruck musikalischer \u00c4sthetik. <\/p>\n\n\n\n<p class=\"has-text-align-center has-background\" style=\"background-color:#f6f3ed\"><strong><a href=\"https:\/\/juliakursawe.de\">Julia Kursawe<\/a><\/strong>  K\u00fcnstlerische Leitung, Dramaturgie und Barockcello<br><strong><a rel=\"noreferrer noopener\" aria-label=\" (opens in a new tab)\" href=\"http:\/\/irenecortina.wordpress.com\" target=\"_blank\">Irene Cortina Gonz\u00e1lez<\/a><\/strong>  Choreographie und contemporary dance<br><a rel=\"noreferrer noopener\" aria-label=\" (opens in a new tab)\" href=\"http:\/\/noelchristin.wordpress.com\" target=\"_blank\">Christin Noel&nbsp;<\/a>Kost\u00fcm<\/p>\n\n\n\n<p class=\"has-text-align-center has-background\" style=\"background-color:#ffffff\"><em>Giuseppe Colombi (1645 &#8211; 1694 Modena) \u2013 Partite sopra il basso di Ciaccona (per il Violone) <br>Joseph M.C.F. Dall\u2019Abaco (1710 Br\u00fcssel &#8211; 1805 Provinz Verona) \u2013 Capriccio Nr.1 in c-moll <br>Johann Sebastian Bach (1685 Eisenach &#8211; 1750 Leipzig) \u2013&nbsp;Allemande aus der Suite Nr.1 in G-Dur, BWV 1007 <br>Jean Louis Duport (1749 Paris &#8211; 1819 Paris) \u2013 Et\u00fcde Nr.7 in g-moll <br>Peteris Vasks (geb.1946 Aziputz, Lettland) \u2013 Pianissimo <br>Joseph M.C.F. Dall\u2019Abaco \u2013 Capriccio Nr.8 in G-Dur<br>J.S.Bach \u2013 Gigue aus der Suite Nr.3 in C-Dur, BWV 1009<\/em> <\/p>\n\n\n\n<p class=\"has-text-align-center has-background has-medium-font-size\" style=\"background-color:#f6f3ed\"><a href=\"https:\/\/juliakursawe.de\/index.php\/index-php-works-impuls-der-suite-archiv\/\"><strong>Archiv<\/strong> <strong>&amp; Presse<\/strong><\/a><\/p>\n","protected":false},"excerpt":{"rendered":"<p>&nbsp;&nbsp; Suite f\u00fcr Cello und Reifrock Diese Suite ist ein dramaturgischer Zyklus. Sie erz\u00e4hlt eine abstrakte Geschichte in sinnlicher Form. Musik ist Schall, ist Bewegung im Raum, die durch die T\u00e4nzerin sichtbar gemacht wird. Es entsteht eine Komposition, in der beide K\u00fcnstlerinnen dieselbe Geschichte erz\u00e4hlen. Die Geschichte beginnt mit Form, mit h\u00f6fischer F\u00f6rmlichkeit. Die Figur&hellip;&nbsp;<a href=\"https:\/\/juliakursawe.de\/index.php\/works\/impuls-der-suite\/suite-fuer-cello-und-reifrock\/\" class=\"\" rel=\"bookmark\">Weiterlesen &raquo;<span class=\"screen-reader-text\">Suite f\u00fcr Cello und Reifrock<\/span><\/a><\/p>\n","protected":false},"author":1,"featured_media":0,"parent":51,"menu_order":4,"comment_status":"closed","ping_status":"closed","template":"","meta":{"neve_meta_sidebar":"","neve_meta_container":"","neve_meta_enable_content_width":"","neve_meta_content_width":0,"neve_meta_title_alignment":"","neve_meta_author_avatar":"","neve_post_elements_order":"","neve_meta_disable_header":"","neve_meta_disable_footer":"","neve_meta_disable_title":""},"_links":{"self":[{"href":"https:\/\/juliakursawe.de\/index.php\/wp-json\/wp\/v2\/pages\/78"}],"collection":[{"href":"https:\/\/juliakursawe.de\/index.php\/wp-json\/wp\/v2\/pages"}],"about":[{"href":"https:\/\/juliakursawe.de\/index.php\/wp-json\/wp\/v2\/types\/page"}],"author":[{"embeddable":true,"href":"https:\/\/juliakursawe.de\/index.php\/wp-json\/wp\/v2\/users\/1"}],"replies":[{"embeddable":true,"href":"https:\/\/juliakursawe.de\/index.php\/wp-json\/wp\/v2\/comments?post=78"}],"version-history":[{"count":17,"href":"https:\/\/juliakursawe.de\/index.php\/wp-json\/wp\/v2\/pages\/78\/revisions"}],"predecessor-version":[{"id":3811,"href":"https:\/\/juliakursawe.de\/index.php\/wp-json\/wp\/v2\/pages\/78\/revisions\/3811"}],"up":[{"embeddable":true,"href":"https:\/\/juliakursawe.de\/index.php\/wp-json\/wp\/v2\/pages\/51"}],"wp:attachment":[{"href":"https:\/\/juliakursawe.de\/index.php\/wp-json\/wp\/v2\/media?parent=78"}],"curies":[{"name":"wp","href":"https:\/\/api.w.org\/{rel}","templated":true}]}}