{"id":80,"date":"2020-10-11T18:54:25","date_gmt":"2020-10-11T16:54:25","guid":{"rendered":"https:\/\/juliakursawe.de\/?page_id=80"},"modified":"2024-05-02T15:51:55","modified_gmt":"2024-05-02T13:51:55","slug":"suite-para-chelo-y-crinolina","status":"publish","type":"page","link":"https:\/\/juliakursawe.de\/index.php\/works\/impuls-der-suite\/suite-fuer-cello-und-reifrock\/suite-para-chelo-y-crinolina\/","title":{"rendered":"Suite para chelo y crinolina"},"content":{"rendered":"\n<p style=\"text-align: right;\"><a href=\"https:\/\/juliakursawe.de\/index.php\/works\/impuls-der-suite\/suite-fuer-cello-und-reifrock\/suite-for-cello-and-crinoline\/\"><img loading=\"lazy\" class=\"alignnone wp-image-1906 \" src=\"https:\/\/juliakursawe.de\/wp-content\/uploads\/2020\/10\/english.jpg\" alt=\"\" width=\"35\" height=\"23\"><\/a>&nbsp;&nbsp; <a href=\"https:\/\/juliakursawe.de\/index.php\/works\/impuls-der-suite\/suite-fuer-cello-und-reifrock\/\"><img loading=\"lazy\" class=\"alignnone wp-image-1913 \" src=\"https:\/\/juliakursawe.de\/wp-content\/uploads\/2020\/10\/deutsch.jpg\" alt=\"\" width=\"35\" height=\"24\"><\/a><\/p>\n\n\n\n<h2 class=\"has-text-align-center\">Suite para chelo y crinolina<\/h2>\n\n\n\n<figure class=\"wp-block-embed is-type-video is-provider-vimeo wp-block-embed-vimeo wp-embed-aspect-16-9 wp-has-aspect-ratio\"><div class=\"wp-block-embed__wrapper\">\n<div class=\"nv-iframe-embed\"><iframe loading=\"lazy\" title=\"Suite for Cello and Crinoline (Trailer)\" src=\"https:\/\/player.vimeo.com\/video\/128977982?dnt=1&amp;app_id=122963\" width=\"1200\" height=\"675\" frameborder=\"0\" allow=\"autoplay; fullscreen; picture-in-picture; clipboard-write\"><\/iframe><\/div>\n<\/div><\/figure>\n\n\n\n<h5 class=\"has-text-align-center\">Esta suite es un ciclo dramat\u00fargico que narra<\/h5>\n\n\n\n<h5 class=\"has-text-align-center\">una historia abstracta a trav\u00e9s de los sentidos<\/h5>\n\n\n\n<p class=\"has-background\" style=\"background-color:#ffffff\">La m\u00fasica es sonido, es movimiento en el espacio, que se hace visible a trav\u00e9s de la bailarina. <br>El resultado es una composici\u00f3n en la que ambas artistas cuentan la misma historia.<\/p>\n\n\n\n<p class=\"has-background\" style=\"background-color:#ffffff\">La historia comienza con la forma, con la formalidad cortesana. La bailarina, presentada en un principio como figura, se desarrolla en el curso de la suite, se descubre, pasa de ser una forma a un personaje. De la crinolina vac\u00eda sale una joven bailando en crinolina, que ya no se encuentra limitada a la formalidad, sino creadora de formas llenas de vida.<\/p>\n\n\n\n<p class=\"has-background\" style=\"background-color:#ffffff\">En las suites para chelo de J.S.Bach hay una estructura dramat\u00fargica t\u00edpica que resulta del orden de las piezas. A partir de esta idea Julia Kursawe ha desarrollado la estructura de esta peculiar suite con danza y piezas musicales de diferentes or\u00edgenes, utilizando composiciones desde el Barroco hasta el siglo XX.<\/p>\n\n\n\n<p class=\"has-background\" style=\"background-color:#ffffff\">Julia Kursawe interpreta la suite en el chelo barroco, Irene Cortina&nbsp;Gonz\u00e1lez&nbsp;a trav\u00e9s de danza contempor\u00e1nea y elementos barrocos, creando juntas una nueva relaci\u00f3n. La coreograf\u00eda se basa en la percepci\u00f3n de la m\u00fasica como movimiento, una expresi\u00f3n de la est\u00e9tica musical.<br><\/p>\n\n\n\n<p class=\"has-text-align-center has-background\" style=\"background-color:#f6f3ed\"><strong><a href=\"https:\/\/juliakursawe.de\">Julia Kursawe<\/a><\/strong>  chelo barroco, dramaturgia y direcci\u00f3n art\u00edstica<br><strong><a rel=\"noreferrer noopener\" href=\"http:\/\/irenecortina.wordpress.com\" target=\"_blank\">Irene Cortina Gonz\u00e1lez<\/a><\/strong>  coreograf\u00eda y danza<br><a rel=\"noreferrer noopener\" href=\"http:\/\/noelchristin.wordpress.com\" target=\"_blank\">Christin Noel<\/a>  vestuario<br><\/p>\n\n\n\n<p class=\"has-text-align-center has-background\" style=\"background-color:#ffffff\"><em>Giuseppe Colombi (1645 &#8211; 1694 Modena) \u2013 Partite sopra il basso di Ciaccona (per il Violone) <br>Joseph M.C.F. Dall\u2019Abaco (1710 Br\u00fcssel &#8211; 1805 Provinz Verona) \u2013 Capriccio No. 1, c-menor <br>Johann Sebastian Bach (1685 Eisenach &#8211; 1750 Leipzig) \u2013 Allemande de la suite No. 1, g-mayor, BWV 1007 <br>Jean Louis Duport (1749 Paris &#8211; 1819 Paris) \u2013 Et\u00fcde No. 7, g-menor <br>Peteris Vasks (nacido 1946 Aziputz, Lettland) \u2013 Pianissimo <br>Joseph M.C.F. Dall\u2019Abaco \u2013 Capriccio No. 8, g-mayor<br>J.S.Bach \u2013 Gigue de la suite No. 3, c-mayor, BWV 1009<\/em><\/p>\n\n\n\n<p class=\"has-text-align-center has-neve-link-color-color has-text-color has-background has-medium-font-size\" style=\"background-color:#f6f3ed\"><strong><a href=\"https:\/\/juliakursawe.de\/index.php\/index-php-works-impuls-der-suite-archiv\/\">archivo &amp; prensa<\/a><\/strong><\/p>\n","protected":false},"excerpt":{"rendered":"<p>&nbsp;&nbsp; Suite para chelo y crinolina Esta suite es un ciclo dramat\u00fargico que narra una historia abstracta a trav\u00e9s de los sentidos La m\u00fasica es sonido, es movimiento en el espacio, que se hace visible a trav\u00e9s de la bailarina. El resultado es una composici\u00f3n en la que ambas artistas cuentan la misma historia. La&hellip;&nbsp;<a href=\"https:\/\/juliakursawe.de\/index.php\/works\/impuls-der-suite\/suite-fuer-cello-und-reifrock\/suite-para-chelo-y-crinolina\/\" class=\"\" rel=\"bookmark\">Weiterlesen &raquo;<span class=\"screen-reader-text\">Suite para chelo y crinolina<\/span><\/a><\/p>\n","protected":false},"author":1,"featured_media":0,"parent":78,"menu_order":0,"comment_status":"closed","ping_status":"closed","template":"","meta":{"neve_meta_sidebar":"","neve_meta_container":"","neve_meta_enable_content_width":"","neve_meta_content_width":0,"neve_meta_title_alignment":"","neve_meta_author_avatar":"","neve_post_elements_order":"","neve_meta_disable_header":"","neve_meta_disable_footer":"","neve_meta_disable_title":""},"_links":{"self":[{"href":"https:\/\/juliakursawe.de\/index.php\/wp-json\/wp\/v2\/pages\/80"}],"collection":[{"href":"https:\/\/juliakursawe.de\/index.php\/wp-json\/wp\/v2\/pages"}],"about":[{"href":"https:\/\/juliakursawe.de\/index.php\/wp-json\/wp\/v2\/types\/page"}],"author":[{"embeddable":true,"href":"https:\/\/juliakursawe.de\/index.php\/wp-json\/wp\/v2\/users\/1"}],"replies":[{"embeddable":true,"href":"https:\/\/juliakursawe.de\/index.php\/wp-json\/wp\/v2\/comments?post=80"}],"version-history":[{"count":18,"href":"https:\/\/juliakursawe.de\/index.php\/wp-json\/wp\/v2\/pages\/80\/revisions"}],"predecessor-version":[{"id":3813,"href":"https:\/\/juliakursawe.de\/index.php\/wp-json\/wp\/v2\/pages\/80\/revisions\/3813"}],"up":[{"embeddable":true,"href":"https:\/\/juliakursawe.de\/index.php\/wp-json\/wp\/v2\/pages\/78"}],"wp:attachment":[{"href":"https:\/\/juliakursawe.de\/index.php\/wp-json\/wp\/v2\/media?parent=80"}],"curies":[{"name":"wp","href":"https:\/\/api.w.org\/{rel}","templated":true}]}}