{"id":90,"date":"2020-10-11T19:03:06","date_gmt":"2020-10-11T17:03:06","guid":{"rendered":"https:\/\/juliakursawe.de\/?page_id=90"},"modified":"2025-03-27T14:05:03","modified_gmt":"2025-03-27T13:05:03","slug":"baroque-e-motion","status":"publish","type":"page","link":"https:\/\/juliakursawe.de\/index.php\/works\/baroque-e-motion\/","title":{"rendered":"baroque-e-motion"},"content":{"rendered":"\n<div class=\"wp-block-image\"><figure class=\"aligncenter\"><img src=\"https:\/\/juliakursawe.de\/wp-content\/uploads\/2020\/10\/baroqueemotion-header-1.jpg\" alt=\"\" class=\"wp-image-582\"\/><\/figure><\/div>\n\n\n\n<div class=\"wp-block-media-text has-background\" style=\"background-color:#ffffff;grid-template-columns:25% auto\"><figure class=\"wp-block-media-text__media\"><img src=\"https:\/\/juliakursawe.de\/wp-content\/uploads\/2020\/10\/baroqueemotion.jpg\" alt=\"\" class=\"wp-image-325 size-full\"\/><\/figure><div class=\"wp-block-media-text__content\">\n<p>baroque-e-motion  &#8212;  Barock und Bewegung!<br>&#8230; formierte sich 2007 unter Leitung von Julia Kursawe und dem ungarischen Cembalisten \/ Organisten M\u00e1rton Bors\u00e1nyi. Das Ziel des Ensembles ist es, die Musik, alten Schriften entsprechend, von der Basso Continuo Stimme aus zu denken und dem fortlaufenden Puls des Basses durchg\u00e4ngig zu folgen.  <br>Mit diesem Ansatz entstehen unterschiedlichste Konzertprogramme, eingeschlossen die kreative Zusammenarbeit mit Modernem wie Barockem Tanz und die praktische Auseinandersetzung mit Zeitgen\u00f6ssischer Musik. <\/p>\n\n\n\n<p>Alle Gastmusiker des Ensembles studierten historische Auff\u00fchrungspraxis und arbeiten aktiv im Bereich der Alten Musik.<\/p>\n<\/div><\/div>\n\n\n\n<div class=\"wp-block-columns\">\n<div class=\"wp-block-column\">\n<div class=\"wp-block-columns\">\n<div class=\"wp-block-column\">\n<p><\/p>\n\n\n\n<p><strong>Programme: <\/strong><\/p>\n\n\n\n<p><a href=\"https:\/\/juliakursawe.de\/index.php\/works\/baroque-e-motion\/dialog-in-d-von-orgel-barockcello\/\">Dialog in D von Orgel und Barockcello<\/a><\/p>\n\n\n\n<p><a href=\"https:\/\/juliakursawe.de\/index.php\/works-baroque-e-motion-dialog-orgel-cellopiccolo\/\">Dialog der Orgel mit dem Cello Piccolo <\/a><\/p>\n\n\n\n<p><a href=\"https:\/\/juliakursawe.de\/index.php\/works\/baroque-e-motion\/cellovirtuose-und-komponist\/\">Cellovirtuose und Komponist<\/a><\/p>\n\n\n\n<p><a href=\"https:\/\/juliakursawe.de\/index.php\/works\/baroque-e-motion\/heiden-heiland\/\">Nun komm der Heiden Heiland<\/a><\/p>\n<\/div>\n\n\n\n<div class=\"wp-block-column\">\n<p><\/p>\n\n\n\n<p><strong>Programme mit G\u00e4sten: <\/strong><meta charset=\"utf-8\"><\/p>\n\n\n\n<p><a href=\"https:\/\/juliakursawe.de\/index.php\/works\/baroque-e-motion\/j-p-westhoff\/\">J. P. Westhoff, seine Violinsonaten, seine Reisen <\/a><\/p>\n\n\n\n<p><a href=\"https:\/\/juliakursawe.de\/index.php\/works\/baroque-e-motion\/musiker-vieler-stile\/\">Telemann, der Musiker vieler Stile<\/a><\/p>\n\n\n\n<p><a href=\"https:\/\/juliakursawe.de\/index.php\/works\/baroque-e-motion\/telemann-tanzt\/\">Telemann tanzt<\/a><\/p>\n\n\n\n<p><a href=\"https:\/\/juliakursawe.de\/index.php\/works\/baroque-e-motion\/meisterschaft\/\">K\u00f6nigliche Meisterschaft und Musikalisches Opfer<\/a><\/p>\n\n\n\n<p><a href=\"https:\/\/juliakursawe.de\/index.php\/works\/baroque-e-motion\/noel\/\">No\u00ebl Baroque<\/a><\/p>\n<\/div>\n<\/div>\n<\/div>\n<\/div>\n\n\n\n<p class=\"has-text-align-center has-background has-medium-font-size\" style=\"background-color:#f6f3ed\"><strong><a href=\"https:\/\/juliakursawe.de\/index.php\/works\/baroque-e-motion\/baroque-audio\/\">Audio<\/a>  |  <a href=\"https:\/\/juliakursawe.de\/index.php\/works\/baroque-e-motion\/bem-archiv\/\">Archiv<\/a><\/strong><\/p>\n\n\n\n<p class=\"has-text-align-center has-small-font-size\"><em>Das Ensemble erhielt F\u00f6rderung durch die Dezentralen Kulturf\u00f6rderung des Bezirksamtes Berlin Treptow-K\u00f6penick \/ Fachbereich Kultur und Museum, die Senatsverwaltung f\u00fcr Kultur und Europa und das Neustart Kultur Stipendienprogramm Klassik. Mit freundlicher Unterst\u00fctzung der Evangelischen Kirchengemeinde Berlin Altglienicke, Peter C. Theis und Heidi Gr\u00f6ger.<\/em><\/p>\n\n\n\n<p class=\"has-text-color has-small-font-size\" style=\"color:#565c64\">Foto \u00a9 privat<\/p>\n","protected":false},"excerpt":{"rendered":"<p>baroque-e-motion &#8212; Barock und Bewegung!&#8230; formierte sich 2007 unter Leitung von Julia Kursawe und dem ungarischen Cembalisten \/ Organisten M\u00e1rton Bors\u00e1nyi. Das Ziel des Ensembles ist es, die Musik, alten Schriften entsprechend, von der Basso Continuo Stimme aus zu denken und dem fortlaufenden Puls des Basses durchg\u00e4ngig zu folgen. Mit diesem Ansatz entstehen unterschiedlichste Konzertprogramme,&hellip;&nbsp;<a href=\"https:\/\/juliakursawe.de\/index.php\/works\/baroque-e-motion\/\" class=\"\" rel=\"bookmark\">Weiterlesen &raquo;<span class=\"screen-reader-text\">baroque-e-motion<\/span><\/a><\/p>\n","protected":false},"author":1,"featured_media":0,"parent":30,"menu_order":2,"comment_status":"closed","ping_status":"closed","template":"","meta":{"neve_meta_sidebar":"","neve_meta_container":"","neve_meta_enable_content_width":"","neve_meta_content_width":0,"neve_meta_title_alignment":"","neve_meta_author_avatar":"","neve_post_elements_order":"","neve_meta_disable_header":"","neve_meta_disable_footer":"","neve_meta_disable_title":""},"_links":{"self":[{"href":"https:\/\/juliakursawe.de\/index.php\/wp-json\/wp\/v2\/pages\/90"}],"collection":[{"href":"https:\/\/juliakursawe.de\/index.php\/wp-json\/wp\/v2\/pages"}],"about":[{"href":"https:\/\/juliakursawe.de\/index.php\/wp-json\/wp\/v2\/types\/page"}],"author":[{"embeddable":true,"href":"https:\/\/juliakursawe.de\/index.php\/wp-json\/wp\/v2\/users\/1"}],"replies":[{"embeddable":true,"href":"https:\/\/juliakursawe.de\/index.php\/wp-json\/wp\/v2\/comments?post=90"}],"version-history":[{"count":88,"href":"https:\/\/juliakursawe.de\/index.php\/wp-json\/wp\/v2\/pages\/90\/revisions"}],"predecessor-version":[{"id":4488,"href":"https:\/\/juliakursawe.de\/index.php\/wp-json\/wp\/v2\/pages\/90\/revisions\/4488"}],"up":[{"embeddable":true,"href":"https:\/\/juliakursawe.de\/index.php\/wp-json\/wp\/v2\/pages\/30"}],"wp:attachment":[{"href":"https:\/\/juliakursawe.de\/index.php\/wp-json\/wp\/v2\/media?parent=90"}],"curies":[{"name":"wp","href":"https:\/\/api.w.org\/{rel}","templated":true}]}}