{"id":94,"date":"2020-10-11T19:03:59","date_gmt":"2020-10-11T17:03:59","guid":{"rendered":"https:\/\/juliakursawe.de\/?page_id=94"},"modified":"2025-02-07T20:03:32","modified_gmt":"2025-02-07T19:03:32","slug":"bem-archiv","status":"publish","type":"page","link":"https:\/\/juliakursawe.de\/index.php\/works\/baroque-e-motion\/bem-archiv\/","title":{"rendered":"b-e-m Archiv"},"content":{"rendered":"\n<figure class=\"wp-block-image\"><img src=\"https:\/\/juliakursawe.de\/wp-content\/uploads\/2020\/10\/baroqueemotion-header-1.jpg\" alt=\"\" class=\"wp-image-324\"\/><\/figure>\n\n\n\n<h4><em>Archiv &#8211; Eine Auswahl<\/em><\/h4>\n\n\n\n<p>2024 Emmauskirche Berlin, Ulmer M\u00fcnster<\/p>\n\n\n\n<p>2022 Ev. Dorfkirche Blankenfelde Berlin-Pankow<\/p>\n\n\n\n<p>2021 online, Arneburg, Wildau, in Berlin: Ev. Pauluskirche Zehlendorf, Kirche am Lietzensee, Ev. Kirche Altglienicke <br>(2021 gef\u00f6rdert vom Bezirkskulturfonds Berlin K\u00f6penick) <\/p>\n\n\n\n<p>2020 Berlin Blankenfelde<\/p>\n\n\n\n<p>2019 Bietikow, Uckerm\u00e4rkische Musikwochen, Neustadt am R\u00fcbenberge<\/p>\n\n\n\n<p>2018 Musikinstrumenten Museum Berlin&nbsp;<\/p>\n\n\n\n<p>2017 Ilmenau, Erfurt&nbsp;<\/p>\n\n\n\n<p>2011 Berlin&nbsp;<\/p>\n\n\n\n<p>2010 Budapester Barockfestival,  Berlin, Markkleeberg, Dresden<\/p>\n\n\n\n<p>2009 Berlin&nbsp;<\/p>\n\n\n\n<p>2008 Berlin, Budapester Barockfestival&nbsp;<\/p>\n\n\n\n<p>2007 Dresden, Bannewitz, Berlin&nbsp;<br><\/p>\n","protected":false},"excerpt":{"rendered":"<p>Archiv &#8211; Eine Auswahl 2024 Emmauskirche Berlin, Ulmer M\u00fcnster 2022 Ev. Dorfkirche Blankenfelde Berlin-Pankow 2021 online, Arneburg, Wildau, in Berlin: Ev. Pauluskirche Zehlendorf, Kirche am Lietzensee, Ev. Kirche Altglienicke (2021 gef\u00f6rdert vom Bezirkskulturfonds Berlin K\u00f6penick) 2020 Berlin Blankenfelde 2019 Bietikow, Uckerm\u00e4rkische Musikwochen, Neustadt am R\u00fcbenberge 2018 Musikinstrumenten Museum Berlin&nbsp; 2017 Ilmenau, Erfurt&nbsp; 2011 Berlin&nbsp; 2010&hellip;&nbsp;<a href=\"https:\/\/juliakursawe.de\/index.php\/works\/baroque-e-motion\/bem-archiv\/\" class=\"\" rel=\"bookmark\">Weiterlesen &raquo;<span class=\"screen-reader-text\">b-e-m Archiv<\/span><\/a><\/p>\n","protected":false},"author":1,"featured_media":0,"parent":90,"menu_order":0,"comment_status":"closed","ping_status":"closed","template":"","meta":{"neve_meta_sidebar":"","neve_meta_container":"","neve_meta_enable_content_width":"","neve_meta_content_width":0,"neve_meta_title_alignment":"","neve_meta_author_avatar":"","neve_post_elements_order":"","neve_meta_disable_header":"","neve_meta_disable_footer":"","neve_meta_disable_title":""},"_links":{"self":[{"href":"https:\/\/juliakursawe.de\/index.php\/wp-json\/wp\/v2\/pages\/94"}],"collection":[{"href":"https:\/\/juliakursawe.de\/index.php\/wp-json\/wp\/v2\/pages"}],"about":[{"href":"https:\/\/juliakursawe.de\/index.php\/wp-json\/wp\/v2\/types\/page"}],"author":[{"embeddable":true,"href":"https:\/\/juliakursawe.de\/index.php\/wp-json\/wp\/v2\/users\/1"}],"replies":[{"embeddable":true,"href":"https:\/\/juliakursawe.de\/index.php\/wp-json\/wp\/v2\/comments?post=94"}],"version-history":[{"count":12,"href":"https:\/\/juliakursawe.de\/index.php\/wp-json\/wp\/v2\/pages\/94\/revisions"}],"predecessor-version":[{"id":4283,"href":"https:\/\/juliakursawe.de\/index.php\/wp-json\/wp\/v2\/pages\/94\/revisions\/4283"}],"up":[{"embeddable":true,"href":"https:\/\/juliakursawe.de\/index.php\/wp-json\/wp\/v2\/pages\/90"}],"wp:attachment":[{"href":"https:\/\/juliakursawe.de\/index.php\/wp-json\/wp\/v2\/media?parent=94"}],"curies":[{"name":"wp","href":"https:\/\/api.w.org\/{rel}","templated":true}]}}